{"id":924,"date":"2020-08-10T15:10:57","date_gmt":"2020-08-10T15:10:57","guid":{"rendered":"https:\/\/actives1.mywhc.ca\/?page_id=924"},"modified":"2020-08-18T16:00:32","modified_gmt":"2020-08-18T16:00:32","slug":"sport-pour-la-vie-experiences-et-evaluation-de-la-litteratie-physique-de-qualite","status":"publish","type":"page","link":"https:\/\/activesudbury.ca\/fr\/ateliers-et-evenements\/sport-pour-la-vie-experiences-et-evaluation-de-la-litteratie-physique-de-qualite\/","title":{"rendered":"Sport pour la vie-Exp\u00e9riences et \u00e9valuation de la litt\u00e9ratie physique de qualit\u00e9"},"content":{"rendered":"<section class=\"banner flex end-v \" id=\"block_5f316357fed3a\" style=\"background-image: url(https:\/\/activesudbury.ca\/wp-content\/uploads\/2020\/08\/Workshops-Events.jpg);\">\r\n\t\t\t\t<div class=\"wrapper mob-full header-text\">\r\n\t\t\t\t\t<h1>Ateliers et<br \/>\r\n\u00e9v\u00e9nements<\/h1>\r\n\t\t\t\t<\/div>\r\n\t\t\t<\/section>\n\n<section class=\"sec-breadcrumbs yoast\"><div class=\"wrapper\"><span><span><a href=\"https:\/\/activesudbury.ca\/fr\/\">Home<\/a><\/span><\/span><\/div><\/section>\n\n<section class=\"workshop_events block pad-dbl \" id=\"block_5f316373fed3c\"\">\r\n            <div class=\"wrapper\">\r\n                <div class=\"bl\"><h2 class=\"main-title\">Sport pour la vie-Exp\u00e9riences et \u00e9valuation de la litt\u00e9ratie physique de qualit\u00e9<\/h2><div class=\"wrapper\">\r\n                        <div class=\"col-1\"><div class=\"text\"><p>Cet atelier en personne donne des outils et des conseils sur la fa\u00e7on de cr\u00e9er un environnement enrichi en litt\u00e9ratie physique pour tous les participants aux sports et aux loisirs afin que personne ne soit laiss\u00e9 pour compte.<\/p>\n<p>\u00c0 la fin de l&#8217;atelier, les participants seront en mesure de:<\/p>\n<ul>\n<li>D\u00e9montrer comment les 8 facteurs des activit\u00e9s enrichies en litt\u00e9ratie physique peuvent \u00eatre appliqu\u00e9s aux activit\u00e9s de mouvement.<\/li>\n<li>D\u00e9montrez comment les 5 principes de HIGH FIVE, enseign\u00e9s dans un cours pr\u00e9c\u00e9dent, peuvent \u00eatre incorpor\u00e9s dans vos sessions.<\/li>\n<li>Appliquez une approche \u00abEnseigner les jeux pour comprendre\u00bb aux jeux et utilisez une approche bas\u00e9e sur l&#8217;enqu\u00eate dans vos activit\u00e9s et sessions.<\/li>\n<li>Organisez une mini-s\u00e9ance d&#8217;enseignement qui offre un environnement favorable et enrichi en litt\u00e9ratie physique.<\/li>\n<li>Identifier des moyens de soutenir l&#8217;inclusion dans les programmes de litt\u00e9ratie physique.<\/li>\n<\/ul>\n<p>\u00c0 la fin de l&#8217;atelier, les participants seront en mesure d&#8217;int\u00e9grer des concepts pour cr\u00e9er un environnement enrichi en litt\u00e9ratie physique pour les participants aux sports et aux loisirs. Cet atelier peut \u00eatre consid\u00e9r\u00e9 comme autonome. Cependant, c&#8217;est aussi la quatri\u00e8me partie du programme d&#8217;instructeur de litt\u00e9ratie physique. \u00c0 la fin de l&#8217;atelier, les participants recevront un certificat d&#8217;ach\u00e8vement et une cl\u00e9 d&#8217;activation pour passer l&#8217;\u00e9valuation sommative finale bas\u00e9e sur cet atelier ainsi que les trois cours pr\u00e9c\u00e9dents\u00a0: Introduction \u00e0 la litt\u00e9ratie physique, HIGH FIVE et les habilet\u00e9s motrices fondamentales pour terminer le programme d&#8217;instructeur en litt\u00e9ratie physique.<\/p>\n<\/div><\/div>\r\n                        <div class=\"col-4 sidebar\"><div class=\"text\"><\/div><\/div>\r\n                    <\/div>\r\n                    <div class=\"btns\"><\/div>\r\n                <\/div>\r\n            <\/div>\r\n        <\/section>","protected":false},"excerpt":{"rendered":"","protected":false},"author":2,"featured_media":676,"parent":258,"menu_order":0,"comment_status":"closed","ping_status":"closed","template":"","meta":{"_acf_changed":false,"footnotes":""},"class_list":["post-924","page","type-page","status-publish","has-post-thumbnail","hentry"],"acf":[],"yoast_head":"<!-- This site is optimized with the Yoast SEO plugin v26.2 - https:\/\/yoast.com\/wordpress\/plugins\/seo\/ -->\n<title>Sport pour la vie-Exp\u00e9riences et \u00e9valuation de la litt\u00e9ratie physique de qualit\u00e9 - Active Sudbury<\/title>\n<meta name=\"robots\" content=\"index, follow, max-snippet:-1, max-image-preview:large, max-video-preview:-1\" \/>\n<link rel=\"canonical\" href=\"https:\/\/activesudbury.ca\/fr\/ateliers-et-evenements\/sport-pour-la-vie-experiences-et-evaluation-de-la-litteratie-physique-de-qualite\/\" \/>\n<meta property=\"og:locale\" content=\"fr_FR\" \/>\n<meta property=\"og:type\" content=\"article\" \/>\n<meta property=\"og:title\" content=\"Sport pour la vie-Exp\u00e9riences et \u00e9valuation de la litt\u00e9ratie physique de qualit\u00e9 - Active Sudbury\" \/>\n<meta property=\"og:url\" content=\"https:\/\/activesudbury.ca\/fr\/ateliers-et-evenements\/sport-pour-la-vie-experiences-et-evaluation-de-la-litteratie-physique-de-qualite\/\" \/>\n<meta property=\"og:site_name\" content=\"Active Sudbury\" \/>\n<meta property=\"article:modified_time\" content=\"2020-08-18T16:00:32+00:00\" \/>\n<meta property=\"og:image\" content=\"https:\/\/activesudbury.ca\/wp-content\/uploads\/2020\/08\/Active-Sudbury-Workshop-06.jpg\" \/>\n\t<meta property=\"og:image:width\" content=\"920\" \/>\n\t<meta property=\"og:image:height\" content=\"1400\" \/>\n\t<meta property=\"og:image:type\" content=\"image\/jpeg\" \/>\n<meta name=\"twitter:card\" content=\"summary_large_image\" \/>\n<script type=\"application\/ld+json\" class=\"yoast-schema-graph\">{\"@context\":\"https:\/\/schema.org\",\"@graph\":[{\"@type\":\"WebPage\",\"@id\":\"https:\/\/activesudbury.ca\/fr\/ateliers-et-evenements\/sport-pour-la-vie-experiences-et-evaluation-de-la-litteratie-physique-de-qualite\/\",\"url\":\"https:\/\/activesudbury.ca\/fr\/ateliers-et-evenements\/sport-pour-la-vie-experiences-et-evaluation-de-la-litteratie-physique-de-qualite\/\",\"name\":\"Sport pour la vie-Exp\u00e9riences et \u00e9valuation de la litt\u00e9ratie physique de qualit\u00e9 - Active Sudbury\",\"isPartOf\":{\"@id\":\"https:\/\/activesudbury.ca\/fr\/#website\"},\"primaryImageOfPage\":{\"@id\":\"https:\/\/activesudbury.ca\/fr\/ateliers-et-evenements\/sport-pour-la-vie-experiences-et-evaluation-de-la-litteratie-physique-de-qualite\/#primaryimage\"},\"image\":{\"@id\":\"https:\/\/activesudbury.ca\/fr\/ateliers-et-evenements\/sport-pour-la-vie-experiences-et-evaluation-de-la-litteratie-physique-de-qualite\/#primaryimage\"},\"thumbnailUrl\":\"https:\/\/activesudbury.ca\/wp-content\/uploads\/2020\/08\/Active-Sudbury-Workshop-06.jpg\",\"datePublished\":\"2020-08-10T15:10:57+00:00\",\"dateModified\":\"2020-08-18T16:00:32+00:00\",\"breadcrumb\":{\"@id\":\"https:\/\/activesudbury.ca\/fr\/ateliers-et-evenements\/sport-pour-la-vie-experiences-et-evaluation-de-la-litteratie-physique-de-qualite\/#breadcrumb\"},\"inLanguage\":\"fr-FR\",\"potentialAction\":[{\"@type\":\"ReadAction\",\"target\":[\"https:\/\/activesudbury.ca\/fr\/ateliers-et-evenements\/sport-pour-la-vie-experiences-et-evaluation-de-la-litteratie-physique-de-qualite\/\"]}]},{\"@type\":\"ImageObject\",\"inLanguage\":\"fr-FR\",\"@id\":\"https:\/\/activesudbury.ca\/fr\/ateliers-et-evenements\/sport-pour-la-vie-experiences-et-evaluation-de-la-litteratie-physique-de-qualite\/#primaryimage\",\"url\":\"https:\/\/activesudbury.ca\/wp-content\/uploads\/2020\/08\/Active-Sudbury-Workshop-06.jpg\",\"contentUrl\":\"https:\/\/activesudbury.ca\/wp-content\/uploads\/2020\/08\/Active-Sudbury-Workshop-06.jpg\",\"width\":920,\"height\":1400},{\"@type\":\"BreadcrumbList\",\"@id\":\"https:\/\/activesudbury.ca\/fr\/ateliers-et-evenements\/sport-pour-la-vie-experiences-et-evaluation-de-la-litteratie-physique-de-qualite\/#breadcrumb\",\"itemListElement\":[{\"@type\":\"ListItem\",\"position\":1,\"name\":\"Home\",\"item\":\"https:\/\/activesudbury.ca\/fr\/\"},{\"@type\":\"ListItem\",\"position\":2,\"name\":\"Ateliers et \u00e9v\u00e9nements\",\"item\":\"https:\/\/activesudbury.ca\/fr\/ateliers-et-evenements\/\"},{\"@type\":\"ListItem\",\"position\":3,\"name\":\"Sport pour la vie-Exp\u00e9riences et \u00e9valuation de la litt\u00e9ratie physique de qualit\u00e9\"}]},{\"@type\":\"WebSite\",\"@id\":\"https:\/\/activesudbury.ca\/fr\/#website\",\"url\":\"https:\/\/activesudbury.ca\/fr\/\",\"name\":\"Active Sudbury\",\"description\":\"\",\"potentialAction\":[{\"@type\":\"SearchAction\",\"target\":{\"@type\":\"EntryPoint\",\"urlTemplate\":\"https:\/\/activesudbury.ca\/fr\/?s={search_term_string}\"},\"query-input\":{\"@type\":\"PropertyValueSpecification\",\"valueRequired\":true,\"valueName\":\"search_term_string\"}}],\"inLanguage\":\"fr-FR\"}]}<\/script>\n<!-- \/ Yoast SEO plugin. -->","yoast_head_json":{"title":"Sport pour la vie-Exp\u00e9riences et \u00e9valuation de la litt\u00e9ratie physique de qualit\u00e9 - Active Sudbury","robots":{"index":"index","follow":"follow","max-snippet":"max-snippet:-1","max-image-preview":"max-image-preview:large","max-video-preview":"max-video-preview:-1"},"canonical":"https:\/\/activesudbury.ca\/fr\/ateliers-et-evenements\/sport-pour-la-vie-experiences-et-evaluation-de-la-litteratie-physique-de-qualite\/","og_locale":"fr_FR","og_type":"article","og_title":"Sport pour la vie-Exp\u00e9riences et \u00e9valuation de la litt\u00e9ratie physique de qualit\u00e9 - Active Sudbury","og_url":"https:\/\/activesudbury.ca\/fr\/ateliers-et-evenements\/sport-pour-la-vie-experiences-et-evaluation-de-la-litteratie-physique-de-qualite\/","og_site_name":"Active Sudbury","article_modified_time":"2020-08-18T16:00:32+00:00","og_image":[{"width":920,"height":1400,"url":"https:\/\/activesudbury.ca\/wp-content\/uploads\/2020\/08\/Active-Sudbury-Workshop-06.jpg","type":"image\/jpeg"}],"twitter_card":"summary_large_image","schema":{"@context":"https:\/\/schema.org","@graph":[{"@type":"WebPage","@id":"https:\/\/activesudbury.ca\/fr\/ateliers-et-evenements\/sport-pour-la-vie-experiences-et-evaluation-de-la-litteratie-physique-de-qualite\/","url":"https:\/\/activesudbury.ca\/fr\/ateliers-et-evenements\/sport-pour-la-vie-experiences-et-evaluation-de-la-litteratie-physique-de-qualite\/","name":"Sport pour la vie-Exp\u00e9riences et \u00e9valuation de la litt\u00e9ratie physique de qualit\u00e9 - Active Sudbury","isPartOf":{"@id":"https:\/\/activesudbury.ca\/fr\/#website"},"primaryImageOfPage":{"@id":"https:\/\/activesudbury.ca\/fr\/ateliers-et-evenements\/sport-pour-la-vie-experiences-et-evaluation-de-la-litteratie-physique-de-qualite\/#primaryimage"},"image":{"@id":"https:\/\/activesudbury.ca\/fr\/ateliers-et-evenements\/sport-pour-la-vie-experiences-et-evaluation-de-la-litteratie-physique-de-qualite\/#primaryimage"},"thumbnailUrl":"https:\/\/activesudbury.ca\/wp-content\/uploads\/2020\/08\/Active-Sudbury-Workshop-06.jpg","datePublished":"2020-08-10T15:10:57+00:00","dateModified":"2020-08-18T16:00:32+00:00","breadcrumb":{"@id":"https:\/\/activesudbury.ca\/fr\/ateliers-et-evenements\/sport-pour-la-vie-experiences-et-evaluation-de-la-litteratie-physique-de-qualite\/#breadcrumb"},"inLanguage":"fr-FR","potentialAction":[{"@type":"ReadAction","target":["https:\/\/activesudbury.ca\/fr\/ateliers-et-evenements\/sport-pour-la-vie-experiences-et-evaluation-de-la-litteratie-physique-de-qualite\/"]}]},{"@type":"ImageObject","inLanguage":"fr-FR","@id":"https:\/\/activesudbury.ca\/fr\/ateliers-et-evenements\/sport-pour-la-vie-experiences-et-evaluation-de-la-litteratie-physique-de-qualite\/#primaryimage","url":"https:\/\/activesudbury.ca\/wp-content\/uploads\/2020\/08\/Active-Sudbury-Workshop-06.jpg","contentUrl":"https:\/\/activesudbury.ca\/wp-content\/uploads\/2020\/08\/Active-Sudbury-Workshop-06.jpg","width":920,"height":1400},{"@type":"BreadcrumbList","@id":"https:\/\/activesudbury.ca\/fr\/ateliers-et-evenements\/sport-pour-la-vie-experiences-et-evaluation-de-la-litteratie-physique-de-qualite\/#breadcrumb","itemListElement":[{"@type":"ListItem","position":1,"name":"Home","item":"https:\/\/activesudbury.ca\/fr\/"},{"@type":"ListItem","position":2,"name":"Ateliers et \u00e9v\u00e9nements","item":"https:\/\/activesudbury.ca\/fr\/ateliers-et-evenements\/"},{"@type":"ListItem","position":3,"name":"Sport pour la vie-Exp\u00e9riences et \u00e9valuation de la litt\u00e9ratie physique de qualit\u00e9"}]},{"@type":"WebSite","@id":"https:\/\/activesudbury.ca\/fr\/#website","url":"https:\/\/activesudbury.ca\/fr\/","name":"Active Sudbury","description":"","potentialAction":[{"@type":"SearchAction","target":{"@type":"EntryPoint","urlTemplate":"https:\/\/activesudbury.ca\/fr\/?s={search_term_string}"},"query-input":{"@type":"PropertyValueSpecification","valueRequired":true,"valueName":"search_term_string"}}],"inLanguage":"fr-FR"}]}},"_links":{"self":[{"href":"https:\/\/activesudbury.ca\/fr\/wp-json\/wp\/v2\/pages\/924","targetHints":{"allow":["GET"]}}],"collection":[{"href":"https:\/\/activesudbury.ca\/fr\/wp-json\/wp\/v2\/pages"}],"about":[{"href":"https:\/\/activesudbury.ca\/fr\/wp-json\/wp\/v2\/types\/page"}],"author":[{"embeddable":true,"href":"https:\/\/activesudbury.ca\/fr\/wp-json\/wp\/v2\/users\/2"}],"replies":[{"embeddable":true,"href":"https:\/\/activesudbury.ca\/fr\/wp-json\/wp\/v2\/comments?post=924"}],"version-history":[{"count":4,"href":"https:\/\/activesudbury.ca\/fr\/wp-json\/wp\/v2\/pages\/924\/revisions"}],"predecessor-version":[{"id":1024,"href":"https:\/\/activesudbury.ca\/fr\/wp-json\/wp\/v2\/pages\/924\/revisions\/1024"}],"up":[{"embeddable":true,"href":"https:\/\/activesudbury.ca\/fr\/wp-json\/wp\/v2\/pages\/258"}],"wp:featuredmedia":[{"embeddable":true,"href":"https:\/\/activesudbury.ca\/fr\/wp-json\/wp\/v2\/media\/676"}],"wp:attachment":[{"href":"https:\/\/activesudbury.ca\/fr\/wp-json\/wp\/v2\/media?parent=924"}],"curies":[{"name":"wp","href":"https:\/\/api.w.org\/{rel}","templated":true}]}}