{"id":910,"date":"2020-08-10T15:02:53","date_gmt":"2020-08-10T15:02:53","guid":{"rendered":"https:\/\/actives1.mywhc.ca\/?page_id=910"},"modified":"2020-08-18T16:00:22","modified_gmt":"2020-08-18T16:00:22","slug":"programme-national-de-certification-des-entraineurs-habiletes-liees-aux-fondements-du-mouvement-hfm","status":"publish","type":"page","link":"https:\/\/activesudbury.ca\/fr\/ateliers-et-evenements\/programme-national-de-certification-des-entraineurs-habiletes-liees-aux-fondements-du-mouvement-hfm\/","title":{"rendered":"Programme national de certification des entra\u00eeneurs -Habilet\u00e9s li\u00e9es aux fondements du mouvement (HFM)"},"content":{"rendered":"<section class=\"banner flex end-v \" id=\"block_5f316177640ce\" style=\"background-image: url(https:\/\/activesudbury.ca\/wp-content\/uploads\/2020\/08\/Workshops-Events.jpg);\">\r\n\t\t\t\t<div class=\"wrapper mob-full header-text\">\r\n\t\t\t\t\t<h1>Ateliers et<br \/>\r\n\u00e9v\u00e9nements<\/h1>\r\n\t\t\t\t<\/div>\r\n\t\t\t<\/section>\n\n<section class=\"sec-breadcrumbs yoast\"><div class=\"wrapper\"><span><span><a href=\"https:\/\/activesudbury.ca\/fr\/\">Home<\/a><\/span><\/span><\/div><\/section>\n\n<section class=\"workshop_events block pad-dbl \" id=\"block_5f31617d640d0\"\">\r\n            <div class=\"wrapper\">\r\n                <div class=\"bl\"><h2 class=\"main-title\">Programme national de certification des entra\u00eeneurs -Habilet\u00e9s li\u00e9es aux fondements du mouvement (HFM)<\/h2><div class=\"wrapper\">\r\n                        <div class=\"col-1\"><div class=\"text\"><p>Cet atelier pr\u00e9sente les habilet\u00e9s motrices fondamentales communes utilis\u00e9es dans les activit\u00e9s sportives et r\u00e9cr\u00e9atives et les quatre environnements distincts dans lesquels elles seraient utilis\u00e9es.<\/p>\n<p>Les participants \u00e0 l&#8217;atelier recevront des informations sur:<\/p>\n<ul>\n<li>D\u00e9tecter et corriger les habilet\u00e9s motrices fondamentales de base et les erreurs<\/li>\n<li>Appliquer un processus d&#8217;enseignement pour promouvoir le d\u00e9veloppement des habilet\u00e9s motrices fondamentales;<\/li>\n<li>Adapter les habilet\u00e9s motrices fondamentales des participants ayant des probl\u00e8mes intellectuels, physiques, sensoriels ou comportementaux;<\/li>\n<li>Fournir des commentaires adapt\u00e9s \u00e0 la sc\u00e8ne pour encourager et d\u00e9velopper les habilet\u00e9s motrices fondamentales chez les participants aux sports et aux loisirs.<\/li>\n<li>Diriger des activit\u00e9s qui favoriseront le d\u00e9veloppement des habilet\u00e9s motrices fondamentales d&#8217;une mani\u00e8re s\u00fbre et responsable tout en interagissant avec les autres et plus encore.<\/li>\n<\/ul>\n<p>Une fois termin\u00e9e, vous recevrez un certificat de r\u00e9ussite et obtiendrez des points de d\u00e9veloppement professionnel avec le programme national de certification des entra\u00eeneurs.<\/p>\n<\/div><\/div>\r\n                        <div class=\"col-4 sidebar\"><div class=\"text\"><\/div><\/div>\r\n                    <\/div>\r\n                    <div class=\"btns\"><\/div>\r\n                <\/div>\r\n            <\/div>\r\n        <\/section>","protected":false},"excerpt":{"rendered":"","protected":false},"author":2,"featured_media":666,"parent":258,"menu_order":0,"comment_status":"closed","ping_status":"closed","template":"","meta":{"_acf_changed":false,"footnotes":""},"class_list":["post-910","page","type-page","status-publish","has-post-thumbnail","hentry"],"acf":[],"yoast_head":"<!-- This site is optimized with the Yoast SEO plugin v26.2 - https:\/\/yoast.com\/wordpress\/plugins\/seo\/ -->\n<title>Programme national de certification des entra\u00eeneurs -Habilet\u00e9s li\u00e9es aux fondements du mouvement (HFM) - Active Sudbury<\/title>\n<meta name=\"robots\" content=\"index, follow, max-snippet:-1, max-image-preview:large, max-video-preview:-1\" \/>\n<link rel=\"canonical\" href=\"https:\/\/activesudbury.ca\/fr\/ateliers-et-evenements\/programme-national-de-certification-des-entraineurs-habiletes-liees-aux-fondements-du-mouvement-hfm\/\" \/>\n<meta property=\"og:locale\" content=\"fr_FR\" \/>\n<meta property=\"og:type\" content=\"article\" \/>\n<meta property=\"og:title\" content=\"Programme national de certification des entra\u00eeneurs -Habilet\u00e9s li\u00e9es aux fondements du mouvement (HFM) - Active Sudbury\" \/>\n<meta property=\"og:url\" content=\"https:\/\/activesudbury.ca\/fr\/ateliers-et-evenements\/programme-national-de-certification-des-entraineurs-habiletes-liees-aux-fondements-du-mouvement-hfm\/\" \/>\n<meta property=\"og:site_name\" content=\"Active Sudbury\" \/>\n<meta property=\"article:modified_time\" content=\"2020-08-18T16:00:22+00:00\" \/>\n<meta property=\"og:image\" content=\"https:\/\/activesudbury.ca\/wp-content\/uploads\/2020\/08\/Active-Sudbury-Workshop-01.jpg\" \/>\n\t<meta property=\"og:image:width\" content=\"920\" \/>\n\t<meta property=\"og:image:height\" content=\"1400\" \/>\n\t<meta property=\"og:image:type\" content=\"image\/jpeg\" \/>\n<meta name=\"twitter:card\" content=\"summary_large_image\" \/>\n<script type=\"application\/ld+json\" class=\"yoast-schema-graph\">{\"@context\":\"https:\/\/schema.org\",\"@graph\":[{\"@type\":\"WebPage\",\"@id\":\"https:\/\/activesudbury.ca\/fr\/ateliers-et-evenements\/programme-national-de-certification-des-entraineurs-habiletes-liees-aux-fondements-du-mouvement-hfm\/\",\"url\":\"https:\/\/activesudbury.ca\/fr\/ateliers-et-evenements\/programme-national-de-certification-des-entraineurs-habiletes-liees-aux-fondements-du-mouvement-hfm\/\",\"name\":\"Programme national de certification des entra\u00eeneurs -Habilet\u00e9s li\u00e9es aux fondements du mouvement (HFM) - Active Sudbury\",\"isPartOf\":{\"@id\":\"https:\/\/activesudbury.ca\/fr\/#website\"},\"primaryImageOfPage\":{\"@id\":\"https:\/\/activesudbury.ca\/fr\/ateliers-et-evenements\/programme-national-de-certification-des-entraineurs-habiletes-liees-aux-fondements-du-mouvement-hfm\/#primaryimage\"},\"image\":{\"@id\":\"https:\/\/activesudbury.ca\/fr\/ateliers-et-evenements\/programme-national-de-certification-des-entraineurs-habiletes-liees-aux-fondements-du-mouvement-hfm\/#primaryimage\"},\"thumbnailUrl\":\"https:\/\/activesudbury.ca\/wp-content\/uploads\/2020\/08\/Active-Sudbury-Workshop-01.jpg\",\"datePublished\":\"2020-08-10T15:02:53+00:00\",\"dateModified\":\"2020-08-18T16:00:22+00:00\",\"breadcrumb\":{\"@id\":\"https:\/\/activesudbury.ca\/fr\/ateliers-et-evenements\/programme-national-de-certification-des-entraineurs-habiletes-liees-aux-fondements-du-mouvement-hfm\/#breadcrumb\"},\"inLanguage\":\"fr-FR\",\"potentialAction\":[{\"@type\":\"ReadAction\",\"target\":[\"https:\/\/activesudbury.ca\/fr\/ateliers-et-evenements\/programme-national-de-certification-des-entraineurs-habiletes-liees-aux-fondements-du-mouvement-hfm\/\"]}]},{\"@type\":\"ImageObject\",\"inLanguage\":\"fr-FR\",\"@id\":\"https:\/\/activesudbury.ca\/fr\/ateliers-et-evenements\/programme-national-de-certification-des-entraineurs-habiletes-liees-aux-fondements-du-mouvement-hfm\/#primaryimage\",\"url\":\"https:\/\/activesudbury.ca\/wp-content\/uploads\/2020\/08\/Active-Sudbury-Workshop-01.jpg\",\"contentUrl\":\"https:\/\/activesudbury.ca\/wp-content\/uploads\/2020\/08\/Active-Sudbury-Workshop-01.jpg\",\"width\":920,\"height\":1400},{\"@type\":\"BreadcrumbList\",\"@id\":\"https:\/\/activesudbury.ca\/fr\/ateliers-et-evenements\/programme-national-de-certification-des-entraineurs-habiletes-liees-aux-fondements-du-mouvement-hfm\/#breadcrumb\",\"itemListElement\":[{\"@type\":\"ListItem\",\"position\":1,\"name\":\"Home\",\"item\":\"https:\/\/activesudbury.ca\/fr\/\"},{\"@type\":\"ListItem\",\"position\":2,\"name\":\"Ateliers et \u00e9v\u00e9nements\",\"item\":\"https:\/\/activesudbury.ca\/fr\/ateliers-et-evenements\/\"},{\"@type\":\"ListItem\",\"position\":3,\"name\":\"Programme national de certification des entra\u00eeneurs -Habilet\u00e9s li\u00e9es aux fondements du mouvement (HFM)\"}]},{\"@type\":\"WebSite\",\"@id\":\"https:\/\/activesudbury.ca\/fr\/#website\",\"url\":\"https:\/\/activesudbury.ca\/fr\/\",\"name\":\"Active Sudbury\",\"description\":\"\",\"potentialAction\":[{\"@type\":\"SearchAction\",\"target\":{\"@type\":\"EntryPoint\",\"urlTemplate\":\"https:\/\/activesudbury.ca\/fr\/?s={search_term_string}\"},\"query-input\":{\"@type\":\"PropertyValueSpecification\",\"valueRequired\":true,\"valueName\":\"search_term_string\"}}],\"inLanguage\":\"fr-FR\"}]}<\/script>\n<!-- \/ Yoast SEO plugin. -->","yoast_head_json":{"title":"Programme national de certification des entra\u00eeneurs -Habilet\u00e9s li\u00e9es aux fondements du mouvement (HFM) - Active Sudbury","robots":{"index":"index","follow":"follow","max-snippet":"max-snippet:-1","max-image-preview":"max-image-preview:large","max-video-preview":"max-video-preview:-1"},"canonical":"https:\/\/activesudbury.ca\/fr\/ateliers-et-evenements\/programme-national-de-certification-des-entraineurs-habiletes-liees-aux-fondements-du-mouvement-hfm\/","og_locale":"fr_FR","og_type":"article","og_title":"Programme national de certification des entra\u00eeneurs -Habilet\u00e9s li\u00e9es aux fondements du mouvement (HFM) - Active Sudbury","og_url":"https:\/\/activesudbury.ca\/fr\/ateliers-et-evenements\/programme-national-de-certification-des-entraineurs-habiletes-liees-aux-fondements-du-mouvement-hfm\/","og_site_name":"Active Sudbury","article_modified_time":"2020-08-18T16:00:22+00:00","og_image":[{"width":920,"height":1400,"url":"https:\/\/activesudbury.ca\/wp-content\/uploads\/2020\/08\/Active-Sudbury-Workshop-01.jpg","type":"image\/jpeg"}],"twitter_card":"summary_large_image","schema":{"@context":"https:\/\/schema.org","@graph":[{"@type":"WebPage","@id":"https:\/\/activesudbury.ca\/fr\/ateliers-et-evenements\/programme-national-de-certification-des-entraineurs-habiletes-liees-aux-fondements-du-mouvement-hfm\/","url":"https:\/\/activesudbury.ca\/fr\/ateliers-et-evenements\/programme-national-de-certification-des-entraineurs-habiletes-liees-aux-fondements-du-mouvement-hfm\/","name":"Programme national de certification des entra\u00eeneurs -Habilet\u00e9s li\u00e9es aux fondements du mouvement (HFM) - Active Sudbury","isPartOf":{"@id":"https:\/\/activesudbury.ca\/fr\/#website"},"primaryImageOfPage":{"@id":"https:\/\/activesudbury.ca\/fr\/ateliers-et-evenements\/programme-national-de-certification-des-entraineurs-habiletes-liees-aux-fondements-du-mouvement-hfm\/#primaryimage"},"image":{"@id":"https:\/\/activesudbury.ca\/fr\/ateliers-et-evenements\/programme-national-de-certification-des-entraineurs-habiletes-liees-aux-fondements-du-mouvement-hfm\/#primaryimage"},"thumbnailUrl":"https:\/\/activesudbury.ca\/wp-content\/uploads\/2020\/08\/Active-Sudbury-Workshop-01.jpg","datePublished":"2020-08-10T15:02:53+00:00","dateModified":"2020-08-18T16:00:22+00:00","breadcrumb":{"@id":"https:\/\/activesudbury.ca\/fr\/ateliers-et-evenements\/programme-national-de-certification-des-entraineurs-habiletes-liees-aux-fondements-du-mouvement-hfm\/#breadcrumb"},"inLanguage":"fr-FR","potentialAction":[{"@type":"ReadAction","target":["https:\/\/activesudbury.ca\/fr\/ateliers-et-evenements\/programme-national-de-certification-des-entraineurs-habiletes-liees-aux-fondements-du-mouvement-hfm\/"]}]},{"@type":"ImageObject","inLanguage":"fr-FR","@id":"https:\/\/activesudbury.ca\/fr\/ateliers-et-evenements\/programme-national-de-certification-des-entraineurs-habiletes-liees-aux-fondements-du-mouvement-hfm\/#primaryimage","url":"https:\/\/activesudbury.ca\/wp-content\/uploads\/2020\/08\/Active-Sudbury-Workshop-01.jpg","contentUrl":"https:\/\/activesudbury.ca\/wp-content\/uploads\/2020\/08\/Active-Sudbury-Workshop-01.jpg","width":920,"height":1400},{"@type":"BreadcrumbList","@id":"https:\/\/activesudbury.ca\/fr\/ateliers-et-evenements\/programme-national-de-certification-des-entraineurs-habiletes-liees-aux-fondements-du-mouvement-hfm\/#breadcrumb","itemListElement":[{"@type":"ListItem","position":1,"name":"Home","item":"https:\/\/activesudbury.ca\/fr\/"},{"@type":"ListItem","position":2,"name":"Ateliers et \u00e9v\u00e9nements","item":"https:\/\/activesudbury.ca\/fr\/ateliers-et-evenements\/"},{"@type":"ListItem","position":3,"name":"Programme national de certification des entra\u00eeneurs -Habilet\u00e9s li\u00e9es aux fondements du mouvement (HFM)"}]},{"@type":"WebSite","@id":"https:\/\/activesudbury.ca\/fr\/#website","url":"https:\/\/activesudbury.ca\/fr\/","name":"Active Sudbury","description":"","potentialAction":[{"@type":"SearchAction","target":{"@type":"EntryPoint","urlTemplate":"https:\/\/activesudbury.ca\/fr\/?s={search_term_string}"},"query-input":{"@type":"PropertyValueSpecification","valueRequired":true,"valueName":"search_term_string"}}],"inLanguage":"fr-FR"}]}},"_links":{"self":[{"href":"https:\/\/activesudbury.ca\/fr\/wp-json\/wp\/v2\/pages\/910","targetHints":{"allow":["GET"]}}],"collection":[{"href":"https:\/\/activesudbury.ca\/fr\/wp-json\/wp\/v2\/pages"}],"about":[{"href":"https:\/\/activesudbury.ca\/fr\/wp-json\/wp\/v2\/types\/page"}],"author":[{"embeddable":true,"href":"https:\/\/activesudbury.ca\/fr\/wp-json\/wp\/v2\/users\/2"}],"replies":[{"embeddable":true,"href":"https:\/\/activesudbury.ca\/fr\/wp-json\/wp\/v2\/comments?post=910"}],"version-history":[{"count":4,"href":"https:\/\/activesudbury.ca\/fr\/wp-json\/wp\/v2\/pages\/910\/revisions"}],"predecessor-version":[{"id":1018,"href":"https:\/\/activesudbury.ca\/fr\/wp-json\/wp\/v2\/pages\/910\/revisions\/1018"}],"up":[{"embeddable":true,"href":"https:\/\/activesudbury.ca\/fr\/wp-json\/wp\/v2\/pages\/258"}],"wp:featuredmedia":[{"embeddable":true,"href":"https:\/\/activesudbury.ca\/fr\/wp-json\/wp\/v2\/media\/666"}],"wp:attachment":[{"href":"https:\/\/activesudbury.ca\/fr\/wp-json\/wp\/v2\/media?parent=910"}],"curies":[{"name":"wp","href":"https:\/\/api.w.org\/{rel}","templated":true}]}}