{"id":484,"date":"2020-08-03T14:30:53","date_gmt":"2020-08-03T14:30:53","guid":{"rendered":"https:\/\/actives1.mywhc.ca\/sport-for-life-intro-to-physical-literacy-3\/"},"modified":"2020-08-18T16:00:37","modified_gmt":"2020-08-18T16:00:37","slug":"sport-for-life-intro-to-physical-literacy-3","status":"publish","type":"page","link":"https:\/\/activesudbury.ca\/fr\/ateliers-et-evenements\/sport-for-life-intro-to-physical-literacy-3\/","title":{"rendered":"High Five Sport"},"content":{"rendered":"<section class=\"banner flex end-v \" id=\"block_5f315aefbbe75\" style=\"background-image: url(https:\/\/activesudbury.ca\/wp-content\/uploads\/2020\/08\/Workshops-Events.jpg);\">\r\n\t\t\t\t<div class=\"wrapper mob-full header-text\">\r\n\t\t\t\t\t<h1>Ateliers et<br \/>\r\n\u00e9v\u00e9nements<\/h1>\r\n\t\t\t\t<\/div>\r\n\t\t\t<\/section>\n\n<section class=\"sec-breadcrumbs yoast\"><div class=\"wrapper\"><span><span><a href=\"https:\/\/activesudbury.ca\/fr\/\">Home<\/a><\/span><\/span><\/div><\/section>\n\n<section class=\"workshop_events block pad-dbl \" id=\"block_5f315d15bbe77\"\">\r\n            <div class=\"wrapper\">\r\n                <div class=\"bl\"><h2 class=\"main-title\">High Five Sport<\/h2><div class=\"wrapper\">\r\n                        <div class=\"col-1\"><div class=\"text\"><p>Cette formation s&#8217;adresse \u00e0 l&#8217;entra\u00eeneur de comp\u00e9tition d&#8217;un club ou d&#8217;une organisation sportive qui travaille avec des enfants de 6 \u00e0 12 ans. Align\u00e9 sur les \u00e9tapes fondamentales et Apprendre \u00e0 s&#8217;entra\u00eener du guide de d\u00e9veloppement \u00e0 long terme Le sport c&#8217;est pour la vie, HIGH FIVE Sport se concentre sur le d\u00e9veloppement et le bien-\u00eatre social, \u00e9motionnel et cognitif des athl\u00e8tes tout en leur permettant d&#8217;am\u00e9liorer leur litt\u00e9ratie physique. Ce cours passe en revue les cinq principes cl\u00e9s et les trois lignes directrices qui doivent \u00eatre inclus dans tous les programmes pour les jeunes pour garantir des exp\u00e9riences s\u00fbres, positives et physiquement engageantes. La formation est bas\u00e9e sur la recherche et a \u00e9t\u00e9 con\u00e7ue pour aider les entra\u00eeneurs \u00e0 r\u00e9soudre les principaux dilemmes de coaching tels que traiter avec les parents, garder l&#8217;int\u00e9r\u00eat de l&#8217;enfant, assurer le \u00abfair-play\u00bb et assurer un environnement \u00e9motionnellement s\u00fbr.<\/p>\n<p>\u00c0 l&#8217;issue de cette formation, les apprenants seront en mesure de:<\/p>\n<ul>\n<li>Identifier les traits de d\u00e9veloppement cognitif, \u00e9motionnel et social des enfants de 6 \u00e0 12 ans<\/li>\n<li>D\u00e9terminer l&#8217;impact d&#8217;un coach sur l&#8217;exp\u00e9rience d&#8217;un enfant et apprendre \u00e0 communiquer efficacement avec les enfants et leurs parents<\/li>\n<li>Identifier des strat\u00e9gies pour r\u00e9duire la pression de la comp\u00e9tition avec les enfants de 6 \u00e0 12 ans<\/li>\n<\/ul>\n<p>Une fois termin\u00e9e, vous recevrez un certificat de r\u00e9ussite et obtiendrez des points de d\u00e9veloppement professionnel avec le programme national de certification des entra\u00eeneurs.<\/p>\n<\/div><\/div>\r\n                        <div class=\"col-4 sidebar\"><div class=\"text\"><\/div><\/div>\r\n                    <\/div>\r\n                    <div class=\"btns\"><\/div>\r\n                <\/div>\r\n            <\/div>\r\n        <\/section>","protected":false},"excerpt":{"rendered":"<p>Cet atelier pr\u00e9sente les habilet\u00e9s de mouvement fondamentales communes utilis\u00e9es dans les activit\u00e9s sportives et r\u00e9cr\u00e9atives.<\/p>\n","protected":false},"author":1,"featured_media":668,"parent":258,"menu_order":0,"comment_status":"closed","ping_status":"closed","template":"","meta":{"_acf_changed":false,"footnotes":""},"class_list":["post-484","page","type-page","status-publish","has-post-thumbnail","hentry"],"acf":[],"yoast_head":"<!-- This site is optimized with the Yoast SEO plugin v26.2 - https:\/\/yoast.com\/wordpress\/plugins\/seo\/ -->\n<title>High Five Sport - Active Sudbury<\/title>\n<meta name=\"robots\" content=\"index, follow, max-snippet:-1, max-image-preview:large, max-video-preview:-1\" \/>\n<link rel=\"canonical\" href=\"https:\/\/activesudbury.ca\/fr\/ateliers-et-evenements\/sport-for-life-intro-to-physical-literacy-3\/\" \/>\n<meta property=\"og:locale\" content=\"fr_FR\" \/>\n<meta property=\"og:type\" content=\"article\" \/>\n<meta property=\"og:title\" content=\"High Five Sport - Active Sudbury\" \/>\n<meta property=\"og:description\" content=\"Cet atelier pr\u00e9sente les habilet\u00e9s de mouvement fondamentales communes utilis\u00e9es dans les activit\u00e9s sportives et r\u00e9cr\u00e9atives.\" \/>\n<meta property=\"og:url\" content=\"https:\/\/activesudbury.ca\/fr\/ateliers-et-evenements\/sport-for-life-intro-to-physical-literacy-3\/\" \/>\n<meta property=\"og:site_name\" content=\"Active Sudbury\" \/>\n<meta property=\"article:modified_time\" content=\"2020-08-18T16:00:37+00:00\" \/>\n<meta property=\"og:image\" content=\"https:\/\/activesudbury.ca\/wp-content\/uploads\/2020\/08\/Active-Sudbury-Workshop-02.jpg\" \/>\n\t<meta property=\"og:image:width\" content=\"920\" \/>\n\t<meta property=\"og:image:height\" content=\"1400\" \/>\n\t<meta property=\"og:image:type\" content=\"image\/jpeg\" \/>\n<meta name=\"twitter:card\" content=\"summary_large_image\" \/>\n<script type=\"application\/ld+json\" class=\"yoast-schema-graph\">{\"@context\":\"https:\/\/schema.org\",\"@graph\":[{\"@type\":\"WebPage\",\"@id\":\"https:\/\/activesudbury.ca\/fr\/ateliers-et-evenements\/sport-for-life-intro-to-physical-literacy-3\/\",\"url\":\"https:\/\/activesudbury.ca\/fr\/ateliers-et-evenements\/sport-for-life-intro-to-physical-literacy-3\/\",\"name\":\"High Five Sport - Active Sudbury\",\"isPartOf\":{\"@id\":\"https:\/\/activesudbury.ca\/fr\/#website\"},\"primaryImageOfPage\":{\"@id\":\"https:\/\/activesudbury.ca\/fr\/ateliers-et-evenements\/sport-for-life-intro-to-physical-literacy-3\/#primaryimage\"},\"image\":{\"@id\":\"https:\/\/activesudbury.ca\/fr\/ateliers-et-evenements\/sport-for-life-intro-to-physical-literacy-3\/#primaryimage\"},\"thumbnailUrl\":\"https:\/\/activesudbury.ca\/wp-content\/uploads\/2020\/08\/Active-Sudbury-Workshop-02.jpg\",\"datePublished\":\"2020-08-03T14:30:53+00:00\",\"dateModified\":\"2020-08-18T16:00:37+00:00\",\"breadcrumb\":{\"@id\":\"https:\/\/activesudbury.ca\/fr\/ateliers-et-evenements\/sport-for-life-intro-to-physical-literacy-3\/#breadcrumb\"},\"inLanguage\":\"fr-FR\",\"potentialAction\":[{\"@type\":\"ReadAction\",\"target\":[\"https:\/\/activesudbury.ca\/fr\/ateliers-et-evenements\/sport-for-life-intro-to-physical-literacy-3\/\"]}]},{\"@type\":\"ImageObject\",\"inLanguage\":\"fr-FR\",\"@id\":\"https:\/\/activesudbury.ca\/fr\/ateliers-et-evenements\/sport-for-life-intro-to-physical-literacy-3\/#primaryimage\",\"url\":\"https:\/\/activesudbury.ca\/wp-content\/uploads\/2020\/08\/Active-Sudbury-Workshop-02.jpg\",\"contentUrl\":\"https:\/\/activesudbury.ca\/wp-content\/uploads\/2020\/08\/Active-Sudbury-Workshop-02.jpg\",\"width\":920,\"height\":1400},{\"@type\":\"BreadcrumbList\",\"@id\":\"https:\/\/activesudbury.ca\/fr\/ateliers-et-evenements\/sport-for-life-intro-to-physical-literacy-3\/#breadcrumb\",\"itemListElement\":[{\"@type\":\"ListItem\",\"position\":1,\"name\":\"Home\",\"item\":\"https:\/\/activesudbury.ca\/fr\/\"},{\"@type\":\"ListItem\",\"position\":2,\"name\":\"Ateliers et \u00e9v\u00e9nements\",\"item\":\"https:\/\/activesudbury.ca\/fr\/ateliers-et-evenements\/\"},{\"@type\":\"ListItem\",\"position\":3,\"name\":\"High Five Sport\"}]},{\"@type\":\"WebSite\",\"@id\":\"https:\/\/activesudbury.ca\/fr\/#website\",\"url\":\"https:\/\/activesudbury.ca\/fr\/\",\"name\":\"Active Sudbury\",\"description\":\"\",\"potentialAction\":[{\"@type\":\"SearchAction\",\"target\":{\"@type\":\"EntryPoint\",\"urlTemplate\":\"https:\/\/activesudbury.ca\/fr\/?s={search_term_string}\"},\"query-input\":{\"@type\":\"PropertyValueSpecification\",\"valueRequired\":true,\"valueName\":\"search_term_string\"}}],\"inLanguage\":\"fr-FR\"}]}<\/script>\n<!-- \/ Yoast SEO plugin. -->","yoast_head_json":{"title":"High Five Sport - Active Sudbury","robots":{"index":"index","follow":"follow","max-snippet":"max-snippet:-1","max-image-preview":"max-image-preview:large","max-video-preview":"max-video-preview:-1"},"canonical":"https:\/\/activesudbury.ca\/fr\/ateliers-et-evenements\/sport-for-life-intro-to-physical-literacy-3\/","og_locale":"fr_FR","og_type":"article","og_title":"High Five Sport - Active Sudbury","og_description":"Cet atelier pr\u00e9sente les habilet\u00e9s de mouvement fondamentales communes utilis\u00e9es dans les activit\u00e9s sportives et r\u00e9cr\u00e9atives.","og_url":"https:\/\/activesudbury.ca\/fr\/ateliers-et-evenements\/sport-for-life-intro-to-physical-literacy-3\/","og_site_name":"Active Sudbury","article_modified_time":"2020-08-18T16:00:37+00:00","og_image":[{"width":920,"height":1400,"url":"https:\/\/activesudbury.ca\/wp-content\/uploads\/2020\/08\/Active-Sudbury-Workshop-02.jpg","type":"image\/jpeg"}],"twitter_card":"summary_large_image","schema":{"@context":"https:\/\/schema.org","@graph":[{"@type":"WebPage","@id":"https:\/\/activesudbury.ca\/fr\/ateliers-et-evenements\/sport-for-life-intro-to-physical-literacy-3\/","url":"https:\/\/activesudbury.ca\/fr\/ateliers-et-evenements\/sport-for-life-intro-to-physical-literacy-3\/","name":"High Five Sport - Active Sudbury","isPartOf":{"@id":"https:\/\/activesudbury.ca\/fr\/#website"},"primaryImageOfPage":{"@id":"https:\/\/activesudbury.ca\/fr\/ateliers-et-evenements\/sport-for-life-intro-to-physical-literacy-3\/#primaryimage"},"image":{"@id":"https:\/\/activesudbury.ca\/fr\/ateliers-et-evenements\/sport-for-life-intro-to-physical-literacy-3\/#primaryimage"},"thumbnailUrl":"https:\/\/activesudbury.ca\/wp-content\/uploads\/2020\/08\/Active-Sudbury-Workshop-02.jpg","datePublished":"2020-08-03T14:30:53+00:00","dateModified":"2020-08-18T16:00:37+00:00","breadcrumb":{"@id":"https:\/\/activesudbury.ca\/fr\/ateliers-et-evenements\/sport-for-life-intro-to-physical-literacy-3\/#breadcrumb"},"inLanguage":"fr-FR","potentialAction":[{"@type":"ReadAction","target":["https:\/\/activesudbury.ca\/fr\/ateliers-et-evenements\/sport-for-life-intro-to-physical-literacy-3\/"]}]},{"@type":"ImageObject","inLanguage":"fr-FR","@id":"https:\/\/activesudbury.ca\/fr\/ateliers-et-evenements\/sport-for-life-intro-to-physical-literacy-3\/#primaryimage","url":"https:\/\/activesudbury.ca\/wp-content\/uploads\/2020\/08\/Active-Sudbury-Workshop-02.jpg","contentUrl":"https:\/\/activesudbury.ca\/wp-content\/uploads\/2020\/08\/Active-Sudbury-Workshop-02.jpg","width":920,"height":1400},{"@type":"BreadcrumbList","@id":"https:\/\/activesudbury.ca\/fr\/ateliers-et-evenements\/sport-for-life-intro-to-physical-literacy-3\/#breadcrumb","itemListElement":[{"@type":"ListItem","position":1,"name":"Home","item":"https:\/\/activesudbury.ca\/fr\/"},{"@type":"ListItem","position":2,"name":"Ateliers et \u00e9v\u00e9nements","item":"https:\/\/activesudbury.ca\/fr\/ateliers-et-evenements\/"},{"@type":"ListItem","position":3,"name":"High Five Sport"}]},{"@type":"WebSite","@id":"https:\/\/activesudbury.ca\/fr\/#website","url":"https:\/\/activesudbury.ca\/fr\/","name":"Active Sudbury","description":"","potentialAction":[{"@type":"SearchAction","target":{"@type":"EntryPoint","urlTemplate":"https:\/\/activesudbury.ca\/fr\/?s={search_term_string}"},"query-input":{"@type":"PropertyValueSpecification","valueRequired":true,"valueName":"search_term_string"}}],"inLanguage":"fr-FR"}]}},"_links":{"self":[{"href":"https:\/\/activesudbury.ca\/fr\/wp-json\/wp\/v2\/pages\/484","targetHints":{"allow":["GET"]}}],"collection":[{"href":"https:\/\/activesudbury.ca\/fr\/wp-json\/wp\/v2\/pages"}],"about":[{"href":"https:\/\/activesudbury.ca\/fr\/wp-json\/wp\/v2\/types\/page"}],"author":[{"embeddable":true,"href":"https:\/\/activesudbury.ca\/fr\/wp-json\/wp\/v2\/users\/1"}],"replies":[{"embeddable":true,"href":"https:\/\/activesudbury.ca\/fr\/wp-json\/wp\/v2\/comments?post=484"}],"version-history":[{"count":7,"href":"https:\/\/activesudbury.ca\/fr\/wp-json\/wp\/v2\/pages\/484\/revisions"}],"predecessor-version":[{"id":1026,"href":"https:\/\/activesudbury.ca\/fr\/wp-json\/wp\/v2\/pages\/484\/revisions\/1026"}],"up":[{"embeddable":true,"href":"https:\/\/activesudbury.ca\/fr\/wp-json\/wp\/v2\/pages\/258"}],"wp:featuredmedia":[{"embeddable":true,"href":"https:\/\/activesudbury.ca\/fr\/wp-json\/wp\/v2\/media\/668"}],"wp:attachment":[{"href":"https:\/\/activesudbury.ca\/fr\/wp-json\/wp\/v2\/media?parent=484"}],"curies":[{"name":"wp","href":"https:\/\/api.w.org\/{rel}","templated":true}]}}