{"id":483,"date":"2020-08-03T14:30:31","date_gmt":"2020-08-03T14:30:31","guid":{"rendered":"https:\/\/actives1.mywhc.ca\/sport-for-life-intro-to-physical-literacy-2\/"},"modified":"2024-12-02T15:48:28","modified_gmt":"2024-12-02T20:48:28","slug":"sport-pour-la-vie-introduction-a-la-litteratie-physique","status":"publish","type":"page","link":"https:\/\/activesudbury.ca\/fr\/ateliers-et-evenements\/sport-pour-la-vie-introduction-a-la-litteratie-physique\/","title":{"rendered":"Sport pour la vie- Introduction \u00e0 la litt\u00e9ratie physique"},"content":{"rendered":"<section class=\"banner flex end-v small\" id=\"block_f12b80d0710d8e6f25b9a07df2d42631\" style=\"background-image: url(https:\/\/activesudbury.ca\/wp-content\/uploads\/2020\/08\/Workshops-Events.jpg);\">\r\n\t\t\t\t<div class=\"wrapper mob-full header-text\">\r\n\t\t\t\t\t<h1>Ateliers et<br \/>\r\n\u00e9v\u00e9nements<\/h1>\r\n\t\t\t\t<\/div>\r\n\t\t\t<\/section>\n\n<section class=\"sec-breadcrumbs yoast\"><div class=\"wrapper\"><span><span><a href=\"https:\/\/activesudbury.ca\/fr\/\">Home<\/a><\/span><\/span><\/div><\/section>\n\n<section class=\"workshop_events block pad-dbl \" id=\"block_3fed49cc1dd77232b0a8a9beb2686673\"\">\r\n            <div class=\"wrapper\">\r\n                <div class=\"bl\"><h2 class=\"main-title\">Sport pour la vie- Introduction \u00e0 la litt\u00e9ratie physique<\/h2><div class=\"wrapper\">\r\n                        <div class=\"col-1\"><div class=\"text\"><p>Offert sous forme d&#8217;une formation en ligne d&#8217;une heure, ce cours enseigne les concepts fondamentaux de la litt\u00e9ratie physique, identifie les \u00e9l\u00e9ments cl\u00e9s d&#8217;un environnement propice \u00e0 la litt\u00e9ratie physique et le r\u00f4le qu&#8217;il joue pour aider quelqu&#8217;un \u00e0 devenir actif pour la vie.<\/p>\n<p>\u00c0 la fin du cours, vous serez en mesure de:<\/p>\n<ul>\n<li>Expliquer le concept de litt\u00e9ratie physique et d\u00e9crire la relation entre la litt\u00e9ratie physique, l&#8217;activit\u00e9 physique et la forme physique<\/li>\n<li>Identifier le d\u00e9veloppement des habilet\u00e9s motrices (ou des mouvements) dans l&#8217;enfance et l&#8217;\u00e2ge approximatif auquel s&#8217;attendre \u00e0 la ma\u00eetrise des adultes<\/li>\n<li>D\u00e9crire la relation entre le d\u00e9veloppement de la comp\u00e9tence motrice, la confiance et la motivation, \u00e0 l&#8217;appui du d\u00e9veloppement de la litt\u00e9ratie physique<\/li>\n<li>Identifier les \u00e9l\u00e9ments cl\u00e9s n\u00e9cessaires pour cr\u00e9er un environnement de litt\u00e9ratie physique favorable, accessible et inclusif pour tous<\/li>\n<\/ul>\n<p>Une fois termin\u00e9e, vous recevrez un certificat de r\u00e9ussite et obtiendrez des points de d\u00e9veloppement professionnel avec le programme national de certification des entra\u00eeneurs. Les enseignants, les entra\u00eeneurs et les \u00e9ducateurs de la petite enfance qui travaillent ou sont entra\u00eeneurs dans le Grand Sudbury peuvent \u00eatre admissibles \u00e0 suivre cette formation en ligne gratuitement. Pour savoir comment proc\u00e9der, envoyez un courriel \u00e0 activesudbury@gmail.com.<\/p>\n<\/div><\/div>\r\n                        <div class=\"col-4 sidebar\"><div class=\"text\"><\/div><\/div>\r\n                    <\/div>\r\n                    <div class=\"btns\"><\/div>\r\n                <\/div>\r\n            <\/div>\r\n        <\/section>","protected":false},"excerpt":{"rendered":"<p>Ce cours enseigne les concepts fondamentaux de la litt\u00e9ratie physique &#8230;<\/p>\n","protected":false},"author":1,"featured_media":672,"parent":258,"menu_order":0,"comment_status":"closed","ping_status":"closed","template":"","meta":{"_acf_changed":false,"footnotes":""},"class_list":["post-483","page","type-page","status-publish","has-post-thumbnail","hentry"],"acf":[],"yoast_head":"<!-- This site is optimized with the Yoast SEO plugin v26.2 - https:\/\/yoast.com\/wordpress\/plugins\/seo\/ -->\n<title>Sport pour la vie- Introduction \u00e0 la litt\u00e9ratie physique - Active Sudbury<\/title>\n<meta name=\"robots\" content=\"index, follow, max-snippet:-1, max-image-preview:large, max-video-preview:-1\" \/>\n<link rel=\"canonical\" href=\"https:\/\/activesudbury.ca\/fr\/ateliers-et-evenements\/sport-pour-la-vie-introduction-a-la-litteratie-physique\/\" \/>\n<meta property=\"og:locale\" content=\"fr_FR\" \/>\n<meta property=\"og:type\" content=\"article\" \/>\n<meta property=\"og:title\" content=\"Sport pour la vie- Introduction \u00e0 la litt\u00e9ratie physique - Active Sudbury\" \/>\n<meta property=\"og:description\" content=\"Ce cours enseigne les concepts fondamentaux de la litt\u00e9ratie physique ...\" \/>\n<meta property=\"og:url\" content=\"https:\/\/activesudbury.ca\/fr\/ateliers-et-evenements\/sport-pour-la-vie-introduction-a-la-litteratie-physique\/\" \/>\n<meta property=\"og:site_name\" content=\"Active Sudbury\" \/>\n<meta property=\"article:modified_time\" content=\"2024-12-02T20:48:28+00:00\" \/>\n<meta property=\"og:image\" content=\"https:\/\/activesudbury.ca\/wp-content\/uploads\/2020\/08\/Active-Sudbury-Workshop-06.jpg\" \/>\n\t<meta property=\"og:image:width\" content=\"920\" \/>\n\t<meta property=\"og:image:height\" content=\"1400\" \/>\n\t<meta property=\"og:image:type\" content=\"image\/jpeg\" \/>\n<meta name=\"twitter:card\" content=\"summary_large_image\" \/>\n<meta name=\"twitter:label1\" content=\"Est. reading time\" \/>\n\t<meta name=\"twitter:data1\" content=\"1 minute\" \/>\n<script type=\"application\/ld+json\" class=\"yoast-schema-graph\">{\"@context\":\"https:\/\/schema.org\",\"@graph\":[{\"@type\":\"WebPage\",\"@id\":\"https:\/\/activesudbury.ca\/fr\/ateliers-et-evenements\/sport-pour-la-vie-introduction-a-la-litteratie-physique\/\",\"url\":\"https:\/\/activesudbury.ca\/fr\/ateliers-et-evenements\/sport-pour-la-vie-introduction-a-la-litteratie-physique\/\",\"name\":\"Sport pour la vie- Introduction \u00e0 la litt\u00e9ratie physique - Active Sudbury\",\"isPartOf\":{\"@id\":\"https:\/\/activesudbury.ca\/fr\/#website\"},\"primaryImageOfPage\":{\"@id\":\"https:\/\/activesudbury.ca\/fr\/ateliers-et-evenements\/sport-pour-la-vie-introduction-a-la-litteratie-physique\/#primaryimage\"},\"image\":{\"@id\":\"https:\/\/activesudbury.ca\/fr\/ateliers-et-evenements\/sport-pour-la-vie-introduction-a-la-litteratie-physique\/#primaryimage\"},\"thumbnailUrl\":\"https:\/\/activesudbury.ca\/wp-content\/uploads\/2020\/08\/Active-Sudbury-Workshop-04.jpg\",\"datePublished\":\"2020-08-03T14:30:31+00:00\",\"dateModified\":\"2024-12-02T20:48:28+00:00\",\"breadcrumb\":{\"@id\":\"https:\/\/activesudbury.ca\/fr\/ateliers-et-evenements\/sport-pour-la-vie-introduction-a-la-litteratie-physique\/#breadcrumb\"},\"inLanguage\":\"fr-FR\",\"potentialAction\":[{\"@type\":\"ReadAction\",\"target\":[\"https:\/\/activesudbury.ca\/fr\/ateliers-et-evenements\/sport-pour-la-vie-introduction-a-la-litteratie-physique\/\"]}]},{\"@type\":\"ImageObject\",\"inLanguage\":\"fr-FR\",\"@id\":\"https:\/\/activesudbury.ca\/fr\/ateliers-et-evenements\/sport-pour-la-vie-introduction-a-la-litteratie-physique\/#primaryimage\",\"url\":\"https:\/\/activesudbury.ca\/wp-content\/uploads\/2020\/08\/Active-Sudbury-Workshop-04.jpg\",\"contentUrl\":\"https:\/\/activesudbury.ca\/wp-content\/uploads\/2020\/08\/Active-Sudbury-Workshop-04.jpg\",\"width\":920,\"height\":1400},{\"@type\":\"BreadcrumbList\",\"@id\":\"https:\/\/activesudbury.ca\/fr\/ateliers-et-evenements\/sport-pour-la-vie-introduction-a-la-litteratie-physique\/#breadcrumb\",\"itemListElement\":[{\"@type\":\"ListItem\",\"position\":1,\"name\":\"Home\",\"item\":\"https:\/\/activesudbury.ca\/fr\/\"},{\"@type\":\"ListItem\",\"position\":2,\"name\":\"Ateliers et \u00e9v\u00e9nements\",\"item\":\"https:\/\/activesudbury.ca\/fr\/ateliers-et-evenements\/\"},{\"@type\":\"ListItem\",\"position\":3,\"name\":\"Sport pour la vie- Introduction \u00e0 la litt\u00e9ratie physique\"}]},{\"@type\":\"WebSite\",\"@id\":\"https:\/\/activesudbury.ca\/fr\/#website\",\"url\":\"https:\/\/activesudbury.ca\/fr\/\",\"name\":\"Active Sudbury\",\"description\":\"\",\"potentialAction\":[{\"@type\":\"SearchAction\",\"target\":{\"@type\":\"EntryPoint\",\"urlTemplate\":\"https:\/\/activesudbury.ca\/fr\/?s={search_term_string}\"},\"query-input\":{\"@type\":\"PropertyValueSpecification\",\"valueRequired\":true,\"valueName\":\"search_term_string\"}}],\"inLanguage\":\"fr-FR\"}]}<\/script>\n<!-- \/ Yoast SEO plugin. -->","yoast_head_json":{"title":"Sport pour la vie- Introduction \u00e0 la litt\u00e9ratie physique - Active Sudbury","robots":{"index":"index","follow":"follow","max-snippet":"max-snippet:-1","max-image-preview":"max-image-preview:large","max-video-preview":"max-video-preview:-1"},"canonical":"https:\/\/activesudbury.ca\/fr\/ateliers-et-evenements\/sport-pour-la-vie-introduction-a-la-litteratie-physique\/","og_locale":"fr_FR","og_type":"article","og_title":"Sport pour la vie- Introduction \u00e0 la litt\u00e9ratie physique - Active Sudbury","og_description":"Ce cours enseigne les concepts fondamentaux de la litt\u00e9ratie physique ...","og_url":"https:\/\/activesudbury.ca\/fr\/ateliers-et-evenements\/sport-pour-la-vie-introduction-a-la-litteratie-physique\/","og_site_name":"Active Sudbury","article_modified_time":"2024-12-02T20:48:28+00:00","og_image":[{"width":920,"height":1400,"url":"https:\/\/activesudbury.ca\/wp-content\/uploads\/2020\/08\/Active-Sudbury-Workshop-06.jpg","type":"image\/jpeg"}],"twitter_card":"summary_large_image","twitter_misc":{"Est. reading time":"1 minute"},"schema":{"@context":"https:\/\/schema.org","@graph":[{"@type":"WebPage","@id":"https:\/\/activesudbury.ca\/fr\/ateliers-et-evenements\/sport-pour-la-vie-introduction-a-la-litteratie-physique\/","url":"https:\/\/activesudbury.ca\/fr\/ateliers-et-evenements\/sport-pour-la-vie-introduction-a-la-litteratie-physique\/","name":"Sport pour la vie- Introduction \u00e0 la litt\u00e9ratie physique - Active Sudbury","isPartOf":{"@id":"https:\/\/activesudbury.ca\/fr\/#website"},"primaryImageOfPage":{"@id":"https:\/\/activesudbury.ca\/fr\/ateliers-et-evenements\/sport-pour-la-vie-introduction-a-la-litteratie-physique\/#primaryimage"},"image":{"@id":"https:\/\/activesudbury.ca\/fr\/ateliers-et-evenements\/sport-pour-la-vie-introduction-a-la-litteratie-physique\/#primaryimage"},"thumbnailUrl":"https:\/\/activesudbury.ca\/wp-content\/uploads\/2020\/08\/Active-Sudbury-Workshop-04.jpg","datePublished":"2020-08-03T14:30:31+00:00","dateModified":"2024-12-02T20:48:28+00:00","breadcrumb":{"@id":"https:\/\/activesudbury.ca\/fr\/ateliers-et-evenements\/sport-pour-la-vie-introduction-a-la-litteratie-physique\/#breadcrumb"},"inLanguage":"fr-FR","potentialAction":[{"@type":"ReadAction","target":["https:\/\/activesudbury.ca\/fr\/ateliers-et-evenements\/sport-pour-la-vie-introduction-a-la-litteratie-physique\/"]}]},{"@type":"ImageObject","inLanguage":"fr-FR","@id":"https:\/\/activesudbury.ca\/fr\/ateliers-et-evenements\/sport-pour-la-vie-introduction-a-la-litteratie-physique\/#primaryimage","url":"https:\/\/activesudbury.ca\/wp-content\/uploads\/2020\/08\/Active-Sudbury-Workshop-04.jpg","contentUrl":"https:\/\/activesudbury.ca\/wp-content\/uploads\/2020\/08\/Active-Sudbury-Workshop-04.jpg","width":920,"height":1400},{"@type":"BreadcrumbList","@id":"https:\/\/activesudbury.ca\/fr\/ateliers-et-evenements\/sport-pour-la-vie-introduction-a-la-litteratie-physique\/#breadcrumb","itemListElement":[{"@type":"ListItem","position":1,"name":"Home","item":"https:\/\/activesudbury.ca\/fr\/"},{"@type":"ListItem","position":2,"name":"Ateliers et \u00e9v\u00e9nements","item":"https:\/\/activesudbury.ca\/fr\/ateliers-et-evenements\/"},{"@type":"ListItem","position":3,"name":"Sport pour la vie- Introduction \u00e0 la litt\u00e9ratie physique"}]},{"@type":"WebSite","@id":"https:\/\/activesudbury.ca\/fr\/#website","url":"https:\/\/activesudbury.ca\/fr\/","name":"Active Sudbury","description":"","potentialAction":[{"@type":"SearchAction","target":{"@type":"EntryPoint","urlTemplate":"https:\/\/activesudbury.ca\/fr\/?s={search_term_string}"},"query-input":{"@type":"PropertyValueSpecification","valueRequired":true,"valueName":"search_term_string"}}],"inLanguage":"fr-FR"}]}},"_links":{"self":[{"href":"https:\/\/activesudbury.ca\/fr\/wp-json\/wp\/v2\/pages\/483","targetHints":{"allow":["GET"]}}],"collection":[{"href":"https:\/\/activesudbury.ca\/fr\/wp-json\/wp\/v2\/pages"}],"about":[{"href":"https:\/\/activesudbury.ca\/fr\/wp-json\/wp\/v2\/types\/page"}],"author":[{"embeddable":true,"href":"https:\/\/activesudbury.ca\/fr\/wp-json\/wp\/v2\/users\/1"}],"replies":[{"embeddable":true,"href":"https:\/\/activesudbury.ca\/fr\/wp-json\/wp\/v2\/comments?post=483"}],"version-history":[{"count":9,"href":"https:\/\/activesudbury.ca\/fr\/wp-json\/wp\/v2\/pages\/483\/revisions"}],"predecessor-version":[{"id":1284,"href":"https:\/\/activesudbury.ca\/fr\/wp-json\/wp\/v2\/pages\/483\/revisions\/1284"}],"up":[{"embeddable":true,"href":"https:\/\/activesudbury.ca\/fr\/wp-json\/wp\/v2\/pages\/258"}],"wp:featuredmedia":[{"embeddable":true,"href":"https:\/\/activesudbury.ca\/fr\/wp-json\/wp\/v2\/media\/672"}],"wp:attachment":[{"href":"https:\/\/activesudbury.ca\/fr\/wp-json\/wp\/v2\/media?parent=483"}],"curies":[{"name":"wp","href":"https:\/\/api.w.org\/{rel}","templated":true}]}}