{"id":481,"date":"2020-08-03T14:29:48","date_gmt":"2020-08-03T14:29:48","guid":{"rendered":"https:\/\/actives1.mywhc.ca\/physical-literacy-201-physical-literacy-assessment-for-youth\/"},"modified":"2020-08-18T16:00:13","modified_gmt":"2020-08-18T16:00:13","slug":"litteratie-physique-201-evaluation-de-la-litteratie-physique-pour-les-jeunes","status":"publish","type":"page","link":"https:\/\/activesudbury.ca\/fr\/ateliers-et-evenements\/litteratie-physique-201-evaluation-de-la-litteratie-physique-pour-les-jeunes\/","title":{"rendered":"Litt\u00e9ratie physique 201 : \u00e9valuation de la litt\u00e9ratie physique pour les jeunes"},"content":{"rendered":"<section class=\"banner flex end-v small\" id=\"block_5f2dd358a95cd\" style=\"background-image: url(https:\/\/activesudbury.ca\/wp-content\/uploads\/2020\/08\/Workshops-Events.jpg);\">\r\n\t\t\t\t<div class=\"wrapper mob-full header-text\">\r\n\t\t\t\t\t<h1>Ateliers et<br \/>\r\n\u00e9v\u00e9nements<\/h1>\r\n\t\t\t\t<\/div>\r\n\t\t\t<\/section>\n\n<section class=\"sec-breadcrumbs yoast\"><div class=\"wrapper\"><span><span><a href=\"https:\/\/activesudbury.ca\/fr\/\">Home<\/a><\/span><\/span><\/div><\/section>\n\n<section class=\"workshop_events block pad-dbl \" id=\"block_5f2dd374a95ce\"\">\r\n            <div class=\"wrapper\">\r\n                <div class=\"bl\"><h2 class=\"main-title\">Litt\u00e9ratie physique 201 : \u00e9valuation de la litt\u00e9ratie physique pour les jeunes<\/h2><div class=\"wrapper\">\r\n                        <div class=\"col-1\"><div class=\"text\"><p>Cet atelier permettra aux participants d&#8217;ex\u00e9cuter, de noter et d&#8217;interpr\u00e9ter les outils d&#8217;\u00e9valuation de la litt\u00e9ratie physique pour les jeunes (PLAY) dans un contexte sportif sp\u00e9cifique. La s\u00e9ance comprend une mise \u00e0 jour sur les tendances de la litt\u00e9ratie physique, qui met en \u00e9vidence les r\u00f4les potentiels des associations sportives. Les participants quitteront cette session avec un sentiment d&#8217;urgence renouvel\u00e9 pour aborder la litt\u00e9ratie physique gr\u00e2ce \u00e0 votre solide connaissance pratique des outils PLAY et de leur application. Il existe de nombreuses possibilit\u00e9s et applications pour ces outils, y compris la sensibilisation \u00e0 la litt\u00e9ratie physique pour les parents et les entra\u00eeneurs, le suivi global et individuel de la litt\u00e9ratie physique, l&#8217;\u00e9valuation de l&#8217;impact de vos programmes sur le d\u00e9veloppement de la litt\u00e9ratie physique et les applications de recherche.<\/p>\n<\/div><\/div>\r\n                        <div class=\"col-4 sidebar\"><div class=\"text\"><\/div><\/div>\r\n                    <\/div>\r\n                    <div class=\"btns\"><\/div>\r\n                <\/div>\r\n            <\/div>\r\n        <\/section>","protected":false},"excerpt":{"rendered":"<p>Le sport c\u2019est pour la vie : Litt\u00e9ratie physique 201 : \u00e9valuation de la litt\u00e9ratie physique pour les jeunes&#8230;<\/p>\n","protected":false},"author":1,"featured_media":670,"parent":258,"menu_order":0,"comment_status":"closed","ping_status":"closed","template":"","meta":{"_acf_changed":false,"footnotes":""},"class_list":["post-481","page","type-page","status-publish","has-post-thumbnail","hentry"],"acf":[],"yoast_head":"<!-- This site is optimized with the Yoast SEO plugin v26.2 - https:\/\/yoast.com\/wordpress\/plugins\/seo\/ -->\n<title>Litt\u00e9ratie physique 201 : \u00e9valuation de la litt\u00e9ratie physique pour les jeunes - Active Sudbury<\/title>\n<meta name=\"robots\" content=\"index, follow, max-snippet:-1, max-image-preview:large, max-video-preview:-1\" \/>\n<link rel=\"canonical\" href=\"https:\/\/activesudbury.ca\/fr\/ateliers-et-evenements\/litteratie-physique-201-evaluation-de-la-litteratie-physique-pour-les-jeunes\/\" \/>\n<meta property=\"og:locale\" content=\"fr_FR\" \/>\n<meta property=\"og:type\" content=\"article\" \/>\n<meta property=\"og:title\" content=\"Litt\u00e9ratie physique 201 : \u00e9valuation de la litt\u00e9ratie physique pour les jeunes - Active Sudbury\" \/>\n<meta property=\"og:description\" content=\"Le sport c\u2019est pour la vie : Litt\u00e9ratie physique 201 : \u00e9valuation de la litt\u00e9ratie physique pour les jeunes...\" \/>\n<meta property=\"og:url\" content=\"https:\/\/activesudbury.ca\/fr\/ateliers-et-evenements\/litteratie-physique-201-evaluation-de-la-litteratie-physique-pour-les-jeunes\/\" \/>\n<meta property=\"og:site_name\" content=\"Active Sudbury\" \/>\n<meta property=\"article:modified_time\" content=\"2020-08-18T16:00:13+00:00\" \/>\n<meta property=\"og:image\" content=\"https:\/\/activesudbury.ca\/wp-content\/uploads\/2020\/08\/Active-Sudbury-Workshop-03.jpg\" \/>\n\t<meta property=\"og:image:width\" content=\"920\" \/>\n\t<meta property=\"og:image:height\" content=\"1400\" \/>\n\t<meta property=\"og:image:type\" content=\"image\/jpeg\" \/>\n<meta name=\"twitter:card\" content=\"summary_large_image\" \/>\n<script type=\"application\/ld+json\" class=\"yoast-schema-graph\">{\"@context\":\"https:\/\/schema.org\",\"@graph\":[{\"@type\":\"WebPage\",\"@id\":\"https:\/\/activesudbury.ca\/fr\/ateliers-et-evenements\/litteratie-physique-201-evaluation-de-la-litteratie-physique-pour-les-jeunes\/\",\"url\":\"https:\/\/activesudbury.ca\/fr\/ateliers-et-evenements\/litteratie-physique-201-evaluation-de-la-litteratie-physique-pour-les-jeunes\/\",\"name\":\"Litt\u00e9ratie physique 201 : \u00e9valuation de la litt\u00e9ratie physique pour les jeunes - Active Sudbury\",\"isPartOf\":{\"@id\":\"https:\/\/activesudbury.ca\/fr\/#website\"},\"primaryImageOfPage\":{\"@id\":\"https:\/\/activesudbury.ca\/fr\/ateliers-et-evenements\/litteratie-physique-201-evaluation-de-la-litteratie-physique-pour-les-jeunes\/#primaryimage\"},\"image\":{\"@id\":\"https:\/\/activesudbury.ca\/fr\/ateliers-et-evenements\/litteratie-physique-201-evaluation-de-la-litteratie-physique-pour-les-jeunes\/#primaryimage\"},\"thumbnailUrl\":\"https:\/\/activesudbury.ca\/wp-content\/uploads\/2020\/08\/Active-Sudbury-Workshop-03.jpg\",\"datePublished\":\"2020-08-03T14:29:48+00:00\",\"dateModified\":\"2020-08-18T16:00:13+00:00\",\"breadcrumb\":{\"@id\":\"https:\/\/activesudbury.ca\/fr\/ateliers-et-evenements\/litteratie-physique-201-evaluation-de-la-litteratie-physique-pour-les-jeunes\/#breadcrumb\"},\"inLanguage\":\"fr-FR\",\"potentialAction\":[{\"@type\":\"ReadAction\",\"target\":[\"https:\/\/activesudbury.ca\/fr\/ateliers-et-evenements\/litteratie-physique-201-evaluation-de-la-litteratie-physique-pour-les-jeunes\/\"]}]},{\"@type\":\"ImageObject\",\"inLanguage\":\"fr-FR\",\"@id\":\"https:\/\/activesudbury.ca\/fr\/ateliers-et-evenements\/litteratie-physique-201-evaluation-de-la-litteratie-physique-pour-les-jeunes\/#primaryimage\",\"url\":\"https:\/\/activesudbury.ca\/wp-content\/uploads\/2020\/08\/Active-Sudbury-Workshop-03.jpg\",\"contentUrl\":\"https:\/\/activesudbury.ca\/wp-content\/uploads\/2020\/08\/Active-Sudbury-Workshop-03.jpg\",\"width\":920,\"height\":1400},{\"@type\":\"BreadcrumbList\",\"@id\":\"https:\/\/activesudbury.ca\/fr\/ateliers-et-evenements\/litteratie-physique-201-evaluation-de-la-litteratie-physique-pour-les-jeunes\/#breadcrumb\",\"itemListElement\":[{\"@type\":\"ListItem\",\"position\":1,\"name\":\"Home\",\"item\":\"https:\/\/activesudbury.ca\/fr\/\"},{\"@type\":\"ListItem\",\"position\":2,\"name\":\"Ateliers et \u00e9v\u00e9nements\",\"item\":\"https:\/\/activesudbury.ca\/fr\/ateliers-et-evenements\/\"},{\"@type\":\"ListItem\",\"position\":3,\"name\":\"Litt\u00e9ratie physique 201 : \u00e9valuation de la litt\u00e9ratie physique pour les jeunes\"}]},{\"@type\":\"WebSite\",\"@id\":\"https:\/\/activesudbury.ca\/fr\/#website\",\"url\":\"https:\/\/activesudbury.ca\/fr\/\",\"name\":\"Active Sudbury\",\"description\":\"\",\"potentialAction\":[{\"@type\":\"SearchAction\",\"target\":{\"@type\":\"EntryPoint\",\"urlTemplate\":\"https:\/\/activesudbury.ca\/fr\/?s={search_term_string}\"},\"query-input\":{\"@type\":\"PropertyValueSpecification\",\"valueRequired\":true,\"valueName\":\"search_term_string\"}}],\"inLanguage\":\"fr-FR\"}]}<\/script>\n<!-- \/ Yoast SEO plugin. -->","yoast_head_json":{"title":"Litt\u00e9ratie physique 201 : \u00e9valuation de la litt\u00e9ratie physique pour les jeunes - Active Sudbury","robots":{"index":"index","follow":"follow","max-snippet":"max-snippet:-1","max-image-preview":"max-image-preview:large","max-video-preview":"max-video-preview:-1"},"canonical":"https:\/\/activesudbury.ca\/fr\/ateliers-et-evenements\/litteratie-physique-201-evaluation-de-la-litteratie-physique-pour-les-jeunes\/","og_locale":"fr_FR","og_type":"article","og_title":"Litt\u00e9ratie physique 201 : \u00e9valuation de la litt\u00e9ratie physique pour les jeunes - Active Sudbury","og_description":"Le sport c\u2019est pour la vie : Litt\u00e9ratie physique 201 : \u00e9valuation de la litt\u00e9ratie physique pour les jeunes...","og_url":"https:\/\/activesudbury.ca\/fr\/ateliers-et-evenements\/litteratie-physique-201-evaluation-de-la-litteratie-physique-pour-les-jeunes\/","og_site_name":"Active Sudbury","article_modified_time":"2020-08-18T16:00:13+00:00","og_image":[{"width":920,"height":1400,"url":"https:\/\/activesudbury.ca\/wp-content\/uploads\/2020\/08\/Active-Sudbury-Workshop-03.jpg","type":"image\/jpeg"}],"twitter_card":"summary_large_image","schema":{"@context":"https:\/\/schema.org","@graph":[{"@type":"WebPage","@id":"https:\/\/activesudbury.ca\/fr\/ateliers-et-evenements\/litteratie-physique-201-evaluation-de-la-litteratie-physique-pour-les-jeunes\/","url":"https:\/\/activesudbury.ca\/fr\/ateliers-et-evenements\/litteratie-physique-201-evaluation-de-la-litteratie-physique-pour-les-jeunes\/","name":"Litt\u00e9ratie physique 201 : \u00e9valuation de la litt\u00e9ratie physique pour les jeunes - Active Sudbury","isPartOf":{"@id":"https:\/\/activesudbury.ca\/fr\/#website"},"primaryImageOfPage":{"@id":"https:\/\/activesudbury.ca\/fr\/ateliers-et-evenements\/litteratie-physique-201-evaluation-de-la-litteratie-physique-pour-les-jeunes\/#primaryimage"},"image":{"@id":"https:\/\/activesudbury.ca\/fr\/ateliers-et-evenements\/litteratie-physique-201-evaluation-de-la-litteratie-physique-pour-les-jeunes\/#primaryimage"},"thumbnailUrl":"https:\/\/activesudbury.ca\/wp-content\/uploads\/2020\/08\/Active-Sudbury-Workshop-03.jpg","datePublished":"2020-08-03T14:29:48+00:00","dateModified":"2020-08-18T16:00:13+00:00","breadcrumb":{"@id":"https:\/\/activesudbury.ca\/fr\/ateliers-et-evenements\/litteratie-physique-201-evaluation-de-la-litteratie-physique-pour-les-jeunes\/#breadcrumb"},"inLanguage":"fr-FR","potentialAction":[{"@type":"ReadAction","target":["https:\/\/activesudbury.ca\/fr\/ateliers-et-evenements\/litteratie-physique-201-evaluation-de-la-litteratie-physique-pour-les-jeunes\/"]}]},{"@type":"ImageObject","inLanguage":"fr-FR","@id":"https:\/\/activesudbury.ca\/fr\/ateliers-et-evenements\/litteratie-physique-201-evaluation-de-la-litteratie-physique-pour-les-jeunes\/#primaryimage","url":"https:\/\/activesudbury.ca\/wp-content\/uploads\/2020\/08\/Active-Sudbury-Workshop-03.jpg","contentUrl":"https:\/\/activesudbury.ca\/wp-content\/uploads\/2020\/08\/Active-Sudbury-Workshop-03.jpg","width":920,"height":1400},{"@type":"BreadcrumbList","@id":"https:\/\/activesudbury.ca\/fr\/ateliers-et-evenements\/litteratie-physique-201-evaluation-de-la-litteratie-physique-pour-les-jeunes\/#breadcrumb","itemListElement":[{"@type":"ListItem","position":1,"name":"Home","item":"https:\/\/activesudbury.ca\/fr\/"},{"@type":"ListItem","position":2,"name":"Ateliers et \u00e9v\u00e9nements","item":"https:\/\/activesudbury.ca\/fr\/ateliers-et-evenements\/"},{"@type":"ListItem","position":3,"name":"Litt\u00e9ratie physique 201 : \u00e9valuation de la litt\u00e9ratie physique pour les jeunes"}]},{"@type":"WebSite","@id":"https:\/\/activesudbury.ca\/fr\/#website","url":"https:\/\/activesudbury.ca\/fr\/","name":"Active Sudbury","description":"","potentialAction":[{"@type":"SearchAction","target":{"@type":"EntryPoint","urlTemplate":"https:\/\/activesudbury.ca\/fr\/?s={search_term_string}"},"query-input":{"@type":"PropertyValueSpecification","valueRequired":true,"valueName":"search_term_string"}}],"inLanguage":"fr-FR"}]}},"_links":{"self":[{"href":"https:\/\/activesudbury.ca\/fr\/wp-json\/wp\/v2\/pages\/481","targetHints":{"allow":["GET"]}}],"collection":[{"href":"https:\/\/activesudbury.ca\/fr\/wp-json\/wp\/v2\/pages"}],"about":[{"href":"https:\/\/activesudbury.ca\/fr\/wp-json\/wp\/v2\/types\/page"}],"author":[{"embeddable":true,"href":"https:\/\/activesudbury.ca\/fr\/wp-json\/wp\/v2\/users\/1"}],"replies":[{"embeddable":true,"href":"https:\/\/activesudbury.ca\/fr\/wp-json\/wp\/v2\/comments?post=481"}],"version-history":[{"count":6,"href":"https:\/\/activesudbury.ca\/fr\/wp-json\/wp\/v2\/pages\/481\/revisions"}],"predecessor-version":[{"id":1016,"href":"https:\/\/activesudbury.ca\/fr\/wp-json\/wp\/v2\/pages\/481\/revisions\/1016"}],"up":[{"embeddable":true,"href":"https:\/\/activesudbury.ca\/fr\/wp-json\/wp\/v2\/pages\/258"}],"wp:featuredmedia":[{"embeddable":true,"href":"https:\/\/activesudbury.ca\/fr\/wp-json\/wp\/v2\/media\/670"}],"wp:attachment":[{"href":"https:\/\/activesudbury.ca\/fr\/wp-json\/wp\/v2\/media?parent=481"}],"curies":[{"name":"wp","href":"https:\/\/api.w.org\/{rel}","templated":true}]}}