{"id":470,"date":"2020-08-03T14:30:09","date_gmt":"2020-08-03T14:30:09","guid":{"rendered":"https:\/\/actives1.mywhc.ca\/high-five-principles-of-healthy-child-development\/"},"modified":"2024-09-10T16:33:24","modified_gmt":"2024-09-10T20:33:24","slug":"high-five-principes-du-developpement-sain-de-lenfant","status":"publish","type":"page","link":"https:\/\/activesudbury.ca\/fr\/ateliers-et-evenements\/high-five-principes-du-developpement-sain-de-lenfant\/","title":{"rendered":"Sport pour la vie- L&#8217;apprentissage social et \u00e9motionnel"},"content":{"rendered":"<section class=\"banner flex end-v small\" id=\"block_fc97d07f7d8735ab2bf7e2e4366b9502\" style=\"background-image: url(https:\/\/activesudbury.ca\/wp-content\/uploads\/2020\/08\/Workshops-Events.jpg);\">\r\n\t\t\t\t<div class=\"wrapper mob-full header-text\">\r\n\t\t\t\t\t<h1>Ateliers et<br \/>\r\n\u00e9v\u00e9nements<\/h1>\r\n\t\t\t\t<\/div>\r\n\t\t\t<\/section>\n\n<section class=\"sec-breadcrumbs yoast\"><div class=\"wrapper\"><span><span><a href=\"https:\/\/activesudbury.ca\/fr\/\">Home<\/a><\/span><\/span><\/div><\/section>\n\n<section class=\"workshop_events block pad-dbl \" id=\"block_71fabbf6532e742ce0c89aee3a423d48\"\">\r\n            <div class=\"wrapper\">\r\n                <div class=\"bl\"><h2 class=\"main-title\">Sport pour la vie- L&#8217;apprentissage social et \u00e9motionnel<\/h2><div class=\"wrapper\">\r\n                        <div class=\"col-1\"><div class=\"text\"><p>L&#8217;apprentissage social et \u00e9motionnel (SEL) comprend un ensemble crucial de comp\u00e9tences comportementales et cognitives qui favorisent le d\u00e9veloppement du caract\u00e8re, la croissance des jeunes et la compr\u00e9hension du comportement. Dans ce cours, vous d\u00e9couvrirez le SEL \u00e0 travers les aspects suivants :<\/p>\n<ul>\n<li>Une pr\u00e9sentation g\u00e9n\u00e9rale du SEL et de ses cinq comp\u00e9tences fondamentales.<\/li>\n<li>Une auto-\u00e9valuation de vos comp\u00e9tences en SEL et l&#8217;identification des domaines \u00e0 am\u00e9liorer.<\/li>\n<li>L&#8217;influence des biais inconscients sur l&#8217;enseignement et l&#8217;importance de reconna\u00eetre et d&#8217;aborder les divers contextes culturels et sociaux des individus et des communaut\u00e9s.<\/li>\n<li>Des strat\u00e9gies efficaces pour appliquer le SEL en vue de promouvoir le respect, l&#8217;\u00e9quit\u00e9 et l&#8217;inclusion.<\/li>\n<\/ul>\n<p>Le cours est con\u00e7u pour \u00eatre suivi \u00e0 votre rythme et devrait durer environ une heure. Si vous \u00eates un \u00e9ducateur dans le Grand Sudbury, vous pourriez avoir la possibilit\u00e9 de suivre ce cours en ligne gratuitement. Pour plus d&#8217;informations, veuillez envoyer un courriel \u00e0 activesudbury@gmail.com.<\/p>\n<\/div><\/div>\r\n                        <div class=\"col-4 sidebar\"><div class=\"text\"><\/div><\/div>\r\n                    <\/div>\r\n                    <div class=\"btns\"><\/div>\r\n                <\/div>\r\n            <\/div>\r\n        <\/section>","protected":false},"excerpt":{"rendered":"<p>L&#8217;apprentissage social et \u00e9motionnel (SEL) est un cours con\u00e7u pour \u00eatre suivi \u00e0 votre rythme et devrait durer environ une heure. <\/p>\n","protected":false},"author":1,"featured_media":455,"parent":258,"menu_order":0,"comment_status":"closed","ping_status":"closed","template":"","meta":{"_acf_changed":false,"footnotes":""},"class_list":["post-470","page","type-page","status-publish","has-post-thumbnail","hentry"],"acf":[],"yoast_head":"<!-- This site is optimized with the Yoast SEO plugin v26.2 - https:\/\/yoast.com\/wordpress\/plugins\/seo\/ -->\n<title>Sport pour la vie- L&#039;apprentissage social et \u00e9motionnel - Active Sudbury<\/title>\n<meta name=\"robots\" content=\"index, follow, max-snippet:-1, max-image-preview:large, max-video-preview:-1\" \/>\n<link rel=\"canonical\" href=\"https:\/\/activesudbury.ca\/fr\/ateliers-et-evenements\/high-five-principes-du-developpement-sain-de-lenfant\/\" \/>\n<meta property=\"og:locale\" content=\"fr_FR\" \/>\n<meta property=\"og:type\" content=\"article\" \/>\n<meta property=\"og:title\" content=\"Sport pour la vie- L&#039;apprentissage social et \u00e9motionnel - Active Sudbury\" \/>\n<meta property=\"og:description\" content=\"L&#039;apprentissage social et \u00e9motionnel (SEL) est un cours con\u00e7u pour \u00eatre suivi \u00e0 votre rythme et devrait durer environ une heure.\" \/>\n<meta property=\"og:url\" content=\"https:\/\/activesudbury.ca\/fr\/ateliers-et-evenements\/high-five-principes-du-developpement-sain-de-lenfant\/\" \/>\n<meta property=\"og:site_name\" content=\"Active Sudbury\" \/>\n<meta property=\"article:modified_time\" content=\"2024-09-10T20:33:24+00:00\" \/>\n<meta property=\"og:image\" content=\"https:\/\/activesudbury.ca\/wp-content\/uploads\/2020\/08\/Active-Sudbury-Events-hula-hoop.jpg\" \/>\n\t<meta property=\"og:image:width\" content=\"1200\" \/>\n\t<meta property=\"og:image:height\" content=\"800\" \/>\n\t<meta property=\"og:image:type\" content=\"image\/jpeg\" \/>\n<meta name=\"twitter:card\" content=\"summary_large_image\" \/>\n<script type=\"application\/ld+json\" class=\"yoast-schema-graph\">{\"@context\":\"https:\/\/schema.org\",\"@graph\":[{\"@type\":\"WebPage\",\"@id\":\"https:\/\/activesudbury.ca\/fr\/ateliers-et-evenements\/high-five-principes-du-developpement-sain-de-lenfant\/\",\"url\":\"https:\/\/activesudbury.ca\/fr\/ateliers-et-evenements\/high-five-principes-du-developpement-sain-de-lenfant\/\",\"name\":\"Sport pour la vie- L'apprentissage social et \u00e9motionnel - Active Sudbury\",\"isPartOf\":{\"@id\":\"https:\/\/activesudbury.ca\/fr\/#website\"},\"primaryImageOfPage\":{\"@id\":\"https:\/\/activesudbury.ca\/fr\/ateliers-et-evenements\/high-five-principes-du-developpement-sain-de-lenfant\/#primaryimage\"},\"image\":{\"@id\":\"https:\/\/activesudbury.ca\/fr\/ateliers-et-evenements\/high-five-principes-du-developpement-sain-de-lenfant\/#primaryimage\"},\"thumbnailUrl\":\"https:\/\/activesudbury.ca\/wp-content\/uploads\/2020\/08\/Active-Sudbury-Events-hula-hoop.jpg\",\"datePublished\":\"2020-08-03T14:30:09+00:00\",\"dateModified\":\"2024-09-10T20:33:24+00:00\",\"breadcrumb\":{\"@id\":\"https:\/\/activesudbury.ca\/fr\/ateliers-et-evenements\/high-five-principes-du-developpement-sain-de-lenfant\/#breadcrumb\"},\"inLanguage\":\"fr-FR\",\"potentialAction\":[{\"@type\":\"ReadAction\",\"target\":[\"https:\/\/activesudbury.ca\/fr\/ateliers-et-evenements\/high-five-principes-du-developpement-sain-de-lenfant\/\"]}]},{\"@type\":\"ImageObject\",\"inLanguage\":\"fr-FR\",\"@id\":\"https:\/\/activesudbury.ca\/fr\/ateliers-et-evenements\/high-five-principes-du-developpement-sain-de-lenfant\/#primaryimage\",\"url\":\"https:\/\/activesudbury.ca\/wp-content\/uploads\/2020\/08\/Active-Sudbury-Events-hula-hoop.jpg\",\"contentUrl\":\"https:\/\/activesudbury.ca\/wp-content\/uploads\/2020\/08\/Active-Sudbury-Events-hula-hoop.jpg\",\"width\":1200,\"height\":800},{\"@type\":\"BreadcrumbList\",\"@id\":\"https:\/\/activesudbury.ca\/fr\/ateliers-et-evenements\/high-five-principes-du-developpement-sain-de-lenfant\/#breadcrumb\",\"itemListElement\":[{\"@type\":\"ListItem\",\"position\":1,\"name\":\"Home\",\"item\":\"https:\/\/activesudbury.ca\/fr\/\"},{\"@type\":\"ListItem\",\"position\":2,\"name\":\"Ateliers et \u00e9v\u00e9nements\",\"item\":\"https:\/\/activesudbury.ca\/fr\/ateliers-et-evenements\/\"},{\"@type\":\"ListItem\",\"position\":3,\"name\":\"Sport pour la vie- L&#8217;apprentissage social et \u00e9motionnel\"}]},{\"@type\":\"WebSite\",\"@id\":\"https:\/\/activesudbury.ca\/fr\/#website\",\"url\":\"https:\/\/activesudbury.ca\/fr\/\",\"name\":\"Active Sudbury\",\"description\":\"\",\"potentialAction\":[{\"@type\":\"SearchAction\",\"target\":{\"@type\":\"EntryPoint\",\"urlTemplate\":\"https:\/\/activesudbury.ca\/fr\/?s={search_term_string}\"},\"query-input\":{\"@type\":\"PropertyValueSpecification\",\"valueRequired\":true,\"valueName\":\"search_term_string\"}}],\"inLanguage\":\"fr-FR\"}]}<\/script>\n<!-- \/ Yoast SEO plugin. -->","yoast_head_json":{"title":"Sport pour la vie- L'apprentissage social et \u00e9motionnel - Active Sudbury","robots":{"index":"index","follow":"follow","max-snippet":"max-snippet:-1","max-image-preview":"max-image-preview:large","max-video-preview":"max-video-preview:-1"},"canonical":"https:\/\/activesudbury.ca\/fr\/ateliers-et-evenements\/high-five-principes-du-developpement-sain-de-lenfant\/","og_locale":"fr_FR","og_type":"article","og_title":"Sport pour la vie- L'apprentissage social et \u00e9motionnel - Active Sudbury","og_description":"L'apprentissage social et \u00e9motionnel (SEL) est un cours con\u00e7u pour \u00eatre suivi \u00e0 votre rythme et devrait durer environ une heure.","og_url":"https:\/\/activesudbury.ca\/fr\/ateliers-et-evenements\/high-five-principes-du-developpement-sain-de-lenfant\/","og_site_name":"Active Sudbury","article_modified_time":"2024-09-10T20:33:24+00:00","og_image":[{"width":1200,"height":800,"url":"https:\/\/activesudbury.ca\/wp-content\/uploads\/2020\/08\/Active-Sudbury-Events-hula-hoop.jpg","type":"image\/jpeg"}],"twitter_card":"summary_large_image","schema":{"@context":"https:\/\/schema.org","@graph":[{"@type":"WebPage","@id":"https:\/\/activesudbury.ca\/fr\/ateliers-et-evenements\/high-five-principes-du-developpement-sain-de-lenfant\/","url":"https:\/\/activesudbury.ca\/fr\/ateliers-et-evenements\/high-five-principes-du-developpement-sain-de-lenfant\/","name":"Sport pour la vie- L'apprentissage social et \u00e9motionnel - Active Sudbury","isPartOf":{"@id":"https:\/\/activesudbury.ca\/fr\/#website"},"primaryImageOfPage":{"@id":"https:\/\/activesudbury.ca\/fr\/ateliers-et-evenements\/high-five-principes-du-developpement-sain-de-lenfant\/#primaryimage"},"image":{"@id":"https:\/\/activesudbury.ca\/fr\/ateliers-et-evenements\/high-five-principes-du-developpement-sain-de-lenfant\/#primaryimage"},"thumbnailUrl":"https:\/\/activesudbury.ca\/wp-content\/uploads\/2020\/08\/Active-Sudbury-Events-hula-hoop.jpg","datePublished":"2020-08-03T14:30:09+00:00","dateModified":"2024-09-10T20:33:24+00:00","breadcrumb":{"@id":"https:\/\/activesudbury.ca\/fr\/ateliers-et-evenements\/high-five-principes-du-developpement-sain-de-lenfant\/#breadcrumb"},"inLanguage":"fr-FR","potentialAction":[{"@type":"ReadAction","target":["https:\/\/activesudbury.ca\/fr\/ateliers-et-evenements\/high-five-principes-du-developpement-sain-de-lenfant\/"]}]},{"@type":"ImageObject","inLanguage":"fr-FR","@id":"https:\/\/activesudbury.ca\/fr\/ateliers-et-evenements\/high-five-principes-du-developpement-sain-de-lenfant\/#primaryimage","url":"https:\/\/activesudbury.ca\/wp-content\/uploads\/2020\/08\/Active-Sudbury-Events-hula-hoop.jpg","contentUrl":"https:\/\/activesudbury.ca\/wp-content\/uploads\/2020\/08\/Active-Sudbury-Events-hula-hoop.jpg","width":1200,"height":800},{"@type":"BreadcrumbList","@id":"https:\/\/activesudbury.ca\/fr\/ateliers-et-evenements\/high-five-principes-du-developpement-sain-de-lenfant\/#breadcrumb","itemListElement":[{"@type":"ListItem","position":1,"name":"Home","item":"https:\/\/activesudbury.ca\/fr\/"},{"@type":"ListItem","position":2,"name":"Ateliers et \u00e9v\u00e9nements","item":"https:\/\/activesudbury.ca\/fr\/ateliers-et-evenements\/"},{"@type":"ListItem","position":3,"name":"Sport pour la vie- L&#8217;apprentissage social et \u00e9motionnel"}]},{"@type":"WebSite","@id":"https:\/\/activesudbury.ca\/fr\/#website","url":"https:\/\/activesudbury.ca\/fr\/","name":"Active Sudbury","description":"","potentialAction":[{"@type":"SearchAction","target":{"@type":"EntryPoint","urlTemplate":"https:\/\/activesudbury.ca\/fr\/?s={search_term_string}"},"query-input":{"@type":"PropertyValueSpecification","valueRequired":true,"valueName":"search_term_string"}}],"inLanguage":"fr-FR"}]}},"_links":{"self":[{"href":"https:\/\/activesudbury.ca\/fr\/wp-json\/wp\/v2\/pages\/470","targetHints":{"allow":["GET"]}}],"collection":[{"href":"https:\/\/activesudbury.ca\/fr\/wp-json\/wp\/v2\/pages"}],"about":[{"href":"https:\/\/activesudbury.ca\/fr\/wp-json\/wp\/v2\/types\/page"}],"author":[{"embeddable":true,"href":"https:\/\/activesudbury.ca\/fr\/wp-json\/wp\/v2\/users\/1"}],"replies":[{"embeddable":true,"href":"https:\/\/activesudbury.ca\/fr\/wp-json\/wp\/v2\/comments?post=470"}],"version-history":[{"count":13,"href":"https:\/\/activesudbury.ca\/fr\/wp-json\/wp\/v2\/pages\/470\/revisions"}],"predecessor-version":[{"id":1259,"href":"https:\/\/activesudbury.ca\/fr\/wp-json\/wp\/v2\/pages\/470\/revisions\/1259"}],"up":[{"embeddable":true,"href":"https:\/\/activesudbury.ca\/fr\/wp-json\/wp\/v2\/pages\/258"}],"wp:featuredmedia":[{"embeddable":true,"href":"https:\/\/activesudbury.ca\/fr\/wp-json\/wp\/v2\/media\/455"}],"wp:attachment":[{"href":"https:\/\/activesudbury.ca\/fr\/wp-json\/wp\/v2\/media?parent=470"}],"curies":[{"name":"wp","href":"https:\/\/api.w.org\/{rel}","templated":true}]}}