{"id":258,"date":"2020-07-28T14:34:48","date_gmt":"2020-07-28T14:34:48","guid":{"rendered":"https:\/\/actives1.mywhc.ca\/workshops-events\/"},"modified":"2022-10-25T10:45:22","modified_gmt":"2022-10-25T14:45:22","slug":"ateliers-et-evenements","status":"publish","type":"page","link":"https:\/\/activesudbury.ca\/fr\/ateliers-et-evenements\/","title":{"rendered":"Ateliers et \u00e9v\u00e9nements"},"content":{"rendered":"<section class=\"banner flex end-v small\" id=\"block_2d870c8595b58792193d09597665ff95\" style=\"background-image: url(https:\/\/activesudbury.ca\/wp-content\/uploads\/2020\/08\/Workshops-Events.jpg);\">\r\n\t\t\t\t<div class=\"wrapper mob-full header-text\">\r\n\t\t\t\t\t<h1>Ateliers et \u00e9v\u00e9nements<\/h1>\r\n\t\t\t\t<\/div>\r\n\t\t\t<\/section>\n\n<section class=\"sec-text about block pad-penta ab5 ab55\" id=\"block_a86077f528193431d3fdad75130536c3\">\r\n        <div class=\"wrapper\">\r\n            <h2 class=\"main-title\">Une passerelle pour faire bouger les gens<\/h2>\r\n            <div class=\"text big\"><p>Nos ateliers offrent aux enseignants, aux entra\u00eeneurs, aux \u00e9ducateurs de la petite enfance et aux professionnels de la sant\u00e9 la formation et les ressources dont ils ont besoin pour cr\u00e9er des environnements enrichis en litt\u00e9ratie physique qui favorisent le d\u00e9veloppement la litt\u00e9ratie physique.<br \/>\r\n<br \/>\r\nBien que certains de nos ateliers fournissent une vaste base de connaissances appropri\u00e9e \u00e0 tous les membres de Sudbury Actif, d&#8217;autres sont plus cibl\u00e9s et offrent une formation propre \u00e0 la profession.<br \/>\r\n<br \/>\r\nNous organisons r\u00e9guli\u00e8rement des ateliers dans divers lieux \u00e0 travers la ville.<br \/>\r\n<br \/>\r\nAlternativement, nous pouvons venir \u00e0 vous. Des organisations telles que les ligues et les clubs sportifs peuvent nous inviter \u00e0 organiser un atelier lors de votre prochain rassemblement.<\/p><\/div><div class=\"btns\"><a href=\"\/fr\/events\/\" class=\"btn hover big\">Voir notre calendrier des \u00e9v\u00e9nements<\/a><a href=\"#\" class=\"btn hover big\">Animer un atelier<\/a><\/div><\/div><\/section>\n\n<section class=\"workshops block pad-quad \" id=\"block_1c6c766e433d095dbedcbbb00c4db613\"\">\r\n        <div class=\"wrapper\"><div class=\"main-flex flex wrap cols only-mob-lg\"><div class=\"item col-2 flex end-v with-img\" style=\"background-image:url(https:\/\/activesudbury.ca\/wp-content\/uploads\/2020\/08\/Active-Sudbury-Workshop-04.jpg)\"><div class=\"holder purple-block\"><div class=\"text\"><h3 class=\"title\">Sport pour la vie- Introduction \u00e0 la litt\u00e9ratie physique<\/h3><p>Ce cours enseigne les concepts fondamentaux de la litt\u00e9ratie physique &#8230;<\/p><\/div><a href=\"https:\/\/activesudbury.ca\/sport-pour-la-vie-introduction-a-la-litteratie-physique\" class=\"btn hover small\">Savoir en plus<\/a><\/div>\r\n        <\/div><div class=\"item col-2 flex end-v with-img\" style=\"background-image:url(https:\/\/activesudbury.ca\/wp-content\/uploads\/2020\/08\/Active-Sudbury-Events-hula-hoop.jpg)\"><div class=\"holder yellow-block\"><div class=\"text\"><h3 class=\"title\">Sport pour la vie- L&#8217;apprentissage social et \u00e9motionnel<\/h3><p>L&#8217;apprentissage social et \u00e9motionnel (SEL) est un cours con\u00e7u pour \u00eatre suivi \u00e0 votre rythme et devrait durer environ une heure. <\/p><\/div><a href=\"https:\/\/activesudbury.ca\/high-five-principes-du-developpement-sain-de-lenfant\" class=\"btn hover small\">Savoir en plus<\/a><\/div>\r\n        <\/div><div class=\"item col-2 flex end-v with-img\" style=\"background-image:url(https:\/\/activesudbury.ca\/wp-content\/uploads\/2020\/08\/Active-Sudbury-Workshop-02.jpg)\"><div class=\"holder purple-block\"><div class=\"text\"><h3 class=\"title\">High Five Sport<\/h3><p>Cet atelier pr\u00e9sente les habilet\u00e9s de mouvement fondamentales communes utilis\u00e9es dans les activit\u00e9s sportives et r\u00e9cr\u00e9atives.<\/p><\/div><a href=\"https:\/\/activesudbury.ca\/sport-for-life-intro-to-physical-literacy-3\" class=\"btn hover small\">Savoir en plus<\/a><\/div>\r\n        <\/div><div class=\"item col-2 flex end-v with-img\" style=\"background-image:url(https:\/\/activesudbury.ca\/wp-content\/uploads\/2020\/08\/Active-Sudbury-Workshop-01.jpg)\"><div class=\"holder yellow-block\"><div class=\"text\"><h3 class=\"title\">Programme national de certification des entra\u00eeneurs -Habilet\u00e9s li\u00e9es aux fondements du mouvement (HFM)<\/h3><p><\/p><\/div><a href=\"https:\/\/activesudbury.ca\/programme-national-de-certification-des-entraineurs-habiletes-liees-aux-fondements-du-mouvement-hfm\" class=\"btn hover small\">Savoir en plus<\/a><\/div>\r\n        <\/div><div class=\"item col-2 flex end-v with-img\" style=\"background-image:url(https:\/\/activesudbury.ca\/wp-content\/uploads\/2020\/08\/Active-Sudbury-Our-Members.jpg)\"><div class=\"holder purple-block\"><div class=\"text\"><h3 class=\"title\">Sport pour la vie \u2013 Pr\u00e9paration au mouvement<\/h3><p>La pr\u00e9paration au mouvement pr\u00e9pare non seulement le corps au mouvement, mais am\u00e9liore \u00e9galement votre fa\u00e7on&#8230;<\/p><\/div><a href=\"https:\/\/activesudbury.ca\/sport-pour-la-vie-preparation-au-mouvement\" class=\"btn hover small\">Savoir en plus<\/a><\/div>\r\n        <\/div><div class=\"item col-2 flex end-v with-img\" style=\"background-image:url(https:\/\/activesudbury.ca\/wp-content\/uploads\/2020\/08\/Active-Sudbury-Workshop-03.jpg)\"><div class=\"holder yellow-block\"><div class=\"text\"><h3 class=\"title\">Litt\u00e9ratie physique 201 : \u00e9valuation de la litt\u00e9ratie physique pour les jeunes<\/h3><p>Le sport c\u2019est pour la vie : Litt\u00e9ratie physique 201 : \u00e9valuation de la litt\u00e9ratie physique pour les jeunes&#8230;<\/p><\/div><a href=\"https:\/\/activesudbury.ca\/litteratie-physique-201-evaluation-de-la-litteratie-physique-pour-les-jeunes\" class=\"btn hover small\">Savoir en plus<\/a><\/div>\r\n        <\/div><div class=\"item col-2 flex end-v with-img\" style=\"background-image:url(https:\/\/activesudbury.ca\/wp-content\/uploads\/2020\/08\/Active-Sudbury-Workshop-06.jpg)\"><div class=\"holder purple-block\"><div class=\"text\"><h3 class=\"title\">Sport pour la vie-Exp\u00e9riences et \u00e9valuation de la litt\u00e9ratie physique de qualit\u00e9<\/h3><p><\/p><\/div><a href=\"https:\/\/activesudbury.ca\/sport-pour-la-vie-experiences-et-evaluation-de-la-litteratie-physique-de-qualite\" class=\"btn hover small\">Savoir en plus<\/a><\/div>\r\n        <\/div><\/div><\/div><\/section>\n\n<section class=\"mid-banner block pad-quad flex center-v txt-pos-top ab6 members-gradient2\" id=\"block_af43b5eeabe0ff5d5044a1def951870a\" style=\"background-image: url(https:\/\/activesudbury.ca\/wp-content\/uploads\/2020\/08\/About-our-Events.jpg)\">\r\n\t\t\t\t<div class=\"wrapper mob-full\">\r\n\t\t\t\t<div class=\"holder\"><h2 class=\"main-title\">\u00c0 propos de nos \u00e9v\u00e9nements<\/h2><div class=\"text big\"><p>En plus des ateliers, Sudbury Actif accueille \u00e9galement un certain nombre de conf\u00e9rences et d&#8217;occasions de r\u00e9seautage qui permettent aux enseignants, aux entra\u00eeneurs, aux \u00e9ducateurs de la petite enfance et aux professionnels de la sant\u00e9 d&#8217;approfondir leurs connaissances, de se pr\u00e9parer pour les ateliers \u00e0 venir et de se conna\u00eetre.<\/p><\/div><a href=\"#\" class=\"btn hover big\">\u00c9v\u00e9nements \u00e0 venir<\/a><\/div><\/div><\/section>","protected":false},"excerpt":{"rendered":"","protected":false},"author":1,"featured_media":0,"parent":0,"menu_order":0,"comment_status":"closed","ping_status":"closed","template":"","meta":{"_acf_changed":false,"footnotes":""},"class_list":["post-258","page","type-page","status-publish","hentry"],"acf":[],"yoast_head":"<!-- This site is optimized with the Yoast SEO plugin v26.2 - https:\/\/yoast.com\/wordpress\/plugins\/seo\/ -->\n<title>Ateliers et \u00e9v\u00e9nements - Active Sudbury<\/title>\n<meta name=\"robots\" content=\"index, follow, max-snippet:-1, max-image-preview:large, max-video-preview:-1\" \/>\n<link rel=\"canonical\" href=\"https:\/\/activesudbury.ca\/fr\/ateliers-et-evenements\/\" \/>\n<meta property=\"og:locale\" content=\"fr_FR\" \/>\n<meta property=\"og:type\" content=\"article\" \/>\n<meta property=\"og:title\" content=\"Ateliers et \u00e9v\u00e9nements - Active Sudbury\" \/>\n<meta property=\"og:url\" content=\"https:\/\/activesudbury.ca\/fr\/ateliers-et-evenements\/\" \/>\n<meta property=\"og:site_name\" content=\"Active Sudbury\" \/>\n<meta property=\"article:modified_time\" content=\"2022-10-25T14:45:22+00:00\" \/>\n<meta name=\"twitter:card\" content=\"summary_large_image\" \/>\n<script type=\"application\/ld+json\" class=\"yoast-schema-graph\">{\"@context\":\"https:\/\/schema.org\",\"@graph\":[{\"@type\":\"WebPage\",\"@id\":\"https:\/\/activesudbury.ca\/fr\/ateliers-et-evenements\/\",\"url\":\"https:\/\/activesudbury.ca\/fr\/ateliers-et-evenements\/\",\"name\":\"Ateliers et \u00e9v\u00e9nements - Active Sudbury\",\"isPartOf\":{\"@id\":\"https:\/\/activesudbury.ca\/fr\/#website\"},\"datePublished\":\"2020-07-28T14:34:48+00:00\",\"dateModified\":\"2022-10-25T14:45:22+00:00\",\"breadcrumb\":{\"@id\":\"https:\/\/activesudbury.ca\/fr\/ateliers-et-evenements\/#breadcrumb\"},\"inLanguage\":\"fr-FR\",\"potentialAction\":[{\"@type\":\"ReadAction\",\"target\":[\"https:\/\/activesudbury.ca\/fr\/ateliers-et-evenements\/\"]}]},{\"@type\":\"BreadcrumbList\",\"@id\":\"https:\/\/activesudbury.ca\/fr\/ateliers-et-evenements\/#breadcrumb\",\"itemListElement\":[{\"@type\":\"ListItem\",\"position\":1,\"name\":\"Home\",\"item\":\"https:\/\/activesudbury.ca\/fr\/\"},{\"@type\":\"ListItem\",\"position\":2,\"name\":\"Ateliers et \u00e9v\u00e9nements\"}]},{\"@type\":\"WebSite\",\"@id\":\"https:\/\/activesudbury.ca\/fr\/#website\",\"url\":\"https:\/\/activesudbury.ca\/fr\/\",\"name\":\"Active Sudbury\",\"description\":\"\",\"potentialAction\":[{\"@type\":\"SearchAction\",\"target\":{\"@type\":\"EntryPoint\",\"urlTemplate\":\"https:\/\/activesudbury.ca\/fr\/?s={search_term_string}\"},\"query-input\":{\"@type\":\"PropertyValueSpecification\",\"valueRequired\":true,\"valueName\":\"search_term_string\"}}],\"inLanguage\":\"fr-FR\"}]}<\/script>\n<!-- \/ Yoast SEO plugin. -->","yoast_head_json":{"title":"Ateliers et \u00e9v\u00e9nements - Active Sudbury","robots":{"index":"index","follow":"follow","max-snippet":"max-snippet:-1","max-image-preview":"max-image-preview:large","max-video-preview":"max-video-preview:-1"},"canonical":"https:\/\/activesudbury.ca\/fr\/ateliers-et-evenements\/","og_locale":"fr_FR","og_type":"article","og_title":"Ateliers et \u00e9v\u00e9nements - Active Sudbury","og_url":"https:\/\/activesudbury.ca\/fr\/ateliers-et-evenements\/","og_site_name":"Active Sudbury","article_modified_time":"2022-10-25T14:45:22+00:00","twitter_card":"summary_large_image","schema":{"@context":"https:\/\/schema.org","@graph":[{"@type":"WebPage","@id":"https:\/\/activesudbury.ca\/fr\/ateliers-et-evenements\/","url":"https:\/\/activesudbury.ca\/fr\/ateliers-et-evenements\/","name":"Ateliers et \u00e9v\u00e9nements - Active Sudbury","isPartOf":{"@id":"https:\/\/activesudbury.ca\/fr\/#website"},"datePublished":"2020-07-28T14:34:48+00:00","dateModified":"2022-10-25T14:45:22+00:00","breadcrumb":{"@id":"https:\/\/activesudbury.ca\/fr\/ateliers-et-evenements\/#breadcrumb"},"inLanguage":"fr-FR","potentialAction":[{"@type":"ReadAction","target":["https:\/\/activesudbury.ca\/fr\/ateliers-et-evenements\/"]}]},{"@type":"BreadcrumbList","@id":"https:\/\/activesudbury.ca\/fr\/ateliers-et-evenements\/#breadcrumb","itemListElement":[{"@type":"ListItem","position":1,"name":"Home","item":"https:\/\/activesudbury.ca\/fr\/"},{"@type":"ListItem","position":2,"name":"Ateliers et \u00e9v\u00e9nements"}]},{"@type":"WebSite","@id":"https:\/\/activesudbury.ca\/fr\/#website","url":"https:\/\/activesudbury.ca\/fr\/","name":"Active Sudbury","description":"","potentialAction":[{"@type":"SearchAction","target":{"@type":"EntryPoint","urlTemplate":"https:\/\/activesudbury.ca\/fr\/?s={search_term_string}"},"query-input":{"@type":"PropertyValueSpecification","valueRequired":true,"valueName":"search_term_string"}}],"inLanguage":"fr-FR"}]}},"_links":{"self":[{"href":"https:\/\/activesudbury.ca\/fr\/wp-json\/wp\/v2\/pages\/258","targetHints":{"allow":["GET"]}}],"collection":[{"href":"https:\/\/activesudbury.ca\/fr\/wp-json\/wp\/v2\/pages"}],"about":[{"href":"https:\/\/activesudbury.ca\/fr\/wp-json\/wp\/v2\/types\/page"}],"author":[{"embeddable":true,"href":"https:\/\/activesudbury.ca\/fr\/wp-json\/wp\/v2\/users\/1"}],"replies":[{"embeddable":true,"href":"https:\/\/activesudbury.ca\/fr\/wp-json\/wp\/v2\/comments?post=258"}],"version-history":[{"count":49,"href":"https:\/\/activesudbury.ca\/fr\/wp-json\/wp\/v2\/pages\/258\/revisions"}],"predecessor-version":[{"id":1179,"href":"https:\/\/activesudbury.ca\/fr\/wp-json\/wp\/v2\/pages\/258\/revisions\/1179"}],"wp:attachment":[{"href":"https:\/\/activesudbury.ca\/fr\/wp-json\/wp\/v2\/media?parent=258"}],"curies":[{"name":"wp","href":"https:\/\/api.w.org\/{rel}","templated":true}]}}