{"id":256,"date":"2020-07-28T14:32:57","date_gmt":"2020-07-28T14:32:57","guid":{"rendered":"https:\/\/actives1.mywhc.ca\/what-is-physical-literacy\/"},"modified":"2020-08-18T15:48:58","modified_gmt":"2020-08-18T15:48:58","slug":"qu-est-ce-que-la-litteratie-physique","status":"publish","type":"page","link":"https:\/\/activesudbury.ca\/fr\/qu-est-ce-que-la-litteratie-physique\/","title":{"rendered":"Qu&#8217;est-ce que la litt\u00e9ratie physique ?"},"content":{"rendered":"<section class=\"banner flex end-v small\" id=\"block_5f20370466753\" style=\"background-image: url(https:\/\/activesudbury.ca\/wp-content\/uploads\/2020\/08\/What-is-Physical-Literacy.jpg);\">\r\n\t\t\t\t<div class=\"wrapper mob-full header-text\">\r\n\t\t\t\t\t<h1>Qu&#8217;est-ce que<br \/>\r\nla litt\u00e9ratie<br \/>\r\nphysique ?<\/h1>\r\n\t\t\t\t<\/div>\r\n\t\t\t<\/section>\n\n<section class=\"sec-text about block pad-penta ab5\" id=\"block_5f21a647844a3\">\r\n        <div class=\"wrapper\">\r\n            <h2 class=\"main-title\">La litt\u00e9ratie physique d\u00e9finie<\/h2>\r\n            <div class=\"text big\"><p>Notre mission est de favoriser la litt\u00e9ratie physique chez les r\u00e9sidents du Grand Sudbury, ce qui pose la question : qu&#8217;est-ce que la litt\u00e9ratie physique, de toute fa\u00e7on ?<br \/>\r\n<br \/>\r\nOfficiellement, l&#8217;Association internationale de litt\u00e9ratie physique le d\u00e9finit comme \u00abla motivation, la confiance, la comp\u00e9tence physique, les connaissances et la compr\u00e9hension pour valoriser et assumer la responsabilit\u00e9 de s&#8217;engager dans des activit\u00e9s physiques pour la vie\u00bb.<br \/>\r\n<br \/>\r\nDe mani\u00e8re informelle, nous aimons dire que la litt\u00e9ratie physique constitue une passerelle vers l&#8217;activit\u00e9 physique.<br \/>\r\n<br \/>\r\nApr\u00e8s tout, lorsque vous vous sentez comp\u00e9tent dans vos capacit\u00e9s physiques, \u00e0 l&#8217;aise dans vos connaissances et motiv\u00e9 pour bouger, vous \u00eates beaucoup plus susceptible de faire de l&#8217;activit\u00e9 physique et de continuer \u00e0 vous engager tout au long de votre vie.<\/p><\/div><div class=\"btns\"><a href=\"#\" class=\"btn hover big\">Apprenez-en davantage au sujet de Sudbury Actif<\/a><\/div><\/div><\/section>\n\n<section class=\"mid-banner block pad-quad flex center-v txt-pos-top ab7 about-gradient\" id=\"block_5f21a87d844ad\" style=\"background-image: url(https:\/\/activesudbury.ca\/wp-content\/uploads\/2020\/08\/Physical-Activity-for-Life-1.jpg)\">\r\n\t\t\t\t<div class=\"wrapper mob-full\">\r\n\t\t\t\t<div class=\"holder\"><div class=\"text big\"><p>&#8220;La litt\u00e9ratie physique se d\u00e9finit par la motivation, la confiance, la comp\u00e9tence physique, le savoir et la compr\u00e9hension qu\u2019une personne poss\u00e8de et qui lui permettent de valoriser et de prendre en charge son engagement envers l\u2019activit\u00e9 physique pour toute sa vie.&#8221;<\/p><\/div><\/div><\/div><\/section>\n\n<section class=\"section_columns block pad-quad ab9 pad84\" id=\"block_5f21b2244cc23\">\r\n            <div class=\"wrapper\"><div class=\"flex wrap cols only-desk\"><div class=\"item col-1\"><h2 class=\"main-title\">Pourquoi la litt\u00e9ratie physique est importante<\/h2><\/div><div class=\"item col-2\"><div class=\"text\"><h4>Une population inactive<\/h4>\n<p>La recherche montre que la plupart des Canadiens ne sont pas aussi actifs que nous pourrions &#8211; ou devrions &#8211; l&#8217;\u00eatre.<\/p>\n<p>Selon les recommandations du gouvernement f\u00e9d\u00e9ral, les adultes devraient faire au moins 150 minutes d&#8217;activit\u00e9 physique mod\u00e9r\u00e9e \u00e0 vigoureuse par semaine, tandis que les enfants et les jeunes devraient faire de m\u00eame pendant au moins 60 minutes chaque jour.<\/p>\n<p>Malheureusement, la grande majorit\u00e9 d&#8217;entre nous ne respecte pas ces normes. Plus de 60% des enfants et des jeunes et plus de 80% des adultes n&#8217;obtiennent pas la quantit\u00e9 d&#8217;activit\u00e9 physique recommand\u00e9e.<\/p>\n<p>En plus de nuire \u00e0 notre sant\u00e9, notre inactivit\u00e9 nous co\u00fbte. Selon les chiffres du gouvernement, le traitement des maladies chroniques li\u00e9es \u00e0 l&#8217;inactivit\u00e9 physique co\u00fbte au syst\u00e8me de sant\u00e9 jusqu&#8217;\u00e0 6,8 milliards de dollars par ann\u00e9e.<\/p>\n<\/div><\/div><div class=\"item col-2\"><div class=\"text\"><h4 class=\"violet\">Une passerelle vers l&#8217;activit\u00e9 physique<\/h4>\n<p>La litt\u00e9ratie physique sert de passerelle vers l&#8217;activit\u00e9 physique. La recherche sugg\u00e8re fortement que l&#8217;un des meilleurs moyens d&#8217;aider la population \u00e0 \u00e9viter les effets n\u00e9gatifs de l&#8217;inactivit\u00e9 physique est de favoriser la litt\u00e9ratie physique chez les jeunes d\u00e8s leur plus jeune \u00e2ge, ce qui leur permet d&#8217;\u00eatre plus actifs physiquement tout au long de leur vie.<\/p>\n<p>En fait, une \u00e9tude publi\u00e9e par Dr. John Cairney et ses coll\u00e8gues montre les liens entre la litt\u00e9ratie physique, l&#8217;activit\u00e9 physique et les r\u00e9sultats pour la sant\u00e9 tout au long de la vie d&#8217;un individu.<br \/>\nLes r\u00e9sultats? La litt\u00e9ratie physique dans la petite enfance m\u00e8ne \u00e0 une meilleure sant\u00e9 physique, mentale, et sociale jusqu\u2019au vieillissement.<\/p>\n<\/div><\/div><\/div><\/div><\/section>\n\n<section class=\"mid-banner block pad-quad flex center-v txt-pos-top ab8\" id=\"block_5f21abcc844ae\" style=\"background-image: url(https:\/\/activesudbury.ca\/wp-content\/uploads\/2020\/08\/Litteratie-Physique.svg)\">\r\n\t\t\t\t<div class=\"wrapper mob-full\">\r\n\t\t\t\t<div class=\"holder\"><\/div><\/div><\/section>\n\n<section class=\"getintouch block pad-triple \" id=\"block_5f2a97ee7195b\"\">\r\n            <div class=\"wrapper\">\r\n\t\t\t\t<div class=\"text big\"><h2>Communiquez avec nous<\/h2>\n<p>Vous souhaitez participer \u00e0 un atelier, devenir un membre ou en savoir plus sur la fa\u00e7on dont vous pouvez nous aider \u00e0 favoriser la litt\u00e9ratie physique ? Communiquez avec nous ! Nous aimerions recevoir de vos nouvelles.<\/p>\n<script type=\"text\/javascript\">\n\/* <![CDATA[ *\/\nvar gform;gform||(document.addEventListener(\"gform_main_scripts_loaded\",function(){gform.scriptsLoaded=!0}),document.addEventListener(\"gform\/theme\/scripts_loaded\",function(){gform.themeScriptsLoaded=!0}),window.addEventListener(\"DOMContentLoaded\",function(){gform.domLoaded=!0}),gform={domLoaded:!1,scriptsLoaded:!1,themeScriptsLoaded:!1,isFormEditor:()=>\"function\"==typeof InitializeEditor,callIfLoaded:function(o){return!(!gform.domLoaded||!gform.scriptsLoaded||!gform.themeScriptsLoaded&&!gform.isFormEditor()||(gform.isFormEditor()&&console.warn(\"The use of gform.initializeOnLoaded() is deprecated in the form editor context and will be removed in Gravity Forms 3.1.\"),o(),0))},initializeOnLoaded:function(o){gform.callIfLoaded(o)||(document.addEventListener(\"gform_main_scripts_loaded\",()=>{gform.scriptsLoaded=!0,gform.callIfLoaded(o)}),document.addEventListener(\"gform\/theme\/scripts_loaded\",()=>{gform.themeScriptsLoaded=!0,gform.callIfLoaded(o)}),window.addEventListener(\"DOMContentLoaded\",()=>{gform.domLoaded=!0,gform.callIfLoaded(o)}))},hooks:{action:{},filter:{}},addAction:function(o,r,e,t){gform.addHook(\"action\",o,r,e,t)},addFilter:function(o,r,e,t){gform.addHook(\"filter\",o,r,e,t)},doAction:function(o){gform.doHook(\"action\",o,arguments)},applyFilters:function(o){return gform.doHook(\"filter\",o,arguments)},removeAction:function(o,r){gform.removeHook(\"action\",o,r)},removeFilter:function(o,r,e){gform.removeHook(\"filter\",o,r,e)},addHook:function(o,r,e,t,n){null==gform.hooks[o][r]&&(gform.hooks[o][r]=[]);var d=gform.hooks[o][r];null==n&&(n=r+\"_\"+d.length),gform.hooks[o][r].push({tag:n,callable:e,priority:t=null==t?10:t})},doHook:function(r,o,e){var t;if(e=Array.prototype.slice.call(e,1),null!=gform.hooks[r][o]&&((o=gform.hooks[r][o]).sort(function(o,r){return o.priority-r.priority}),o.forEach(function(o){\"function\"!=typeof(t=o.callable)&&(t=window[t]),\"action\"==r?t.apply(null,e):e[0]=t.apply(null,e)})),\"filter\"==r)return e[0]},removeHook:function(o,r,t,n){var e;null!=gform.hooks[o][r]&&(e=(e=gform.hooks[o][r]).filter(function(o,r,e){return!!(null!=n&&n!=o.tag||null!=t&&t!=o.priority)}),gform.hooks[o][r]=e)}});\n\/* ]]&gt; *\/\n<\/script>\n\n                <div class='gf_browser_gecko gform_wrapper gform_legacy_markup_wrapper gform-theme--no-framework' data-form-theme='legacy' data-form-index='0' id='gform_wrapper_2' ><div id='gf_2' class='gform_anchor' tabindex='-1'><\/div><form method='post' enctype='multipart\/form-data' target='gform_ajax_frame_2' id='gform_2'  action='\/fr\/wp-json\/wp\/v2\/pages\/256#gf_2' data-formid='2' novalidate>\n                        <div class='gform-body gform_body'><ul id='gform_fields_2' class='gform_fields top_label form_sublabel_below description_below validation_below'><li id=\"field_2_1\" class=\"gfield gfield--type-select gf_left_half gfield_contains_required field_sublabel_below gfield--no-description field_description_below field_validation_below gfield_visibility_visible\"  ><label class='gfield_label gform-field-label screen-reader-text' for='input_2_1'><span class=\"gfield_required\"><span class=\"gfield_required gfield_required_asterisk\">*<\/span><\/span><\/label><div class='ginput_container ginput_container_select'><select name='input_1' id='input_2_1' class='large gfield_select'    aria-required=\"true\" aria-invalid=\"false\" ><option value='Early Years PLAY group' >Early Years PLAY group<\/option><option value='Education PLAY group' >Education PLAY group<\/option><option value='Sport &amp; Recreation PLAY group' >Sport &amp; Recreation PLAY group<\/option><option value='Health PLAY group' >Health PLAY group<\/option><\/select><\/div><\/li><li id=\"field_2_2\" class=\"gfield gfield--type-text gf_left_half gfield_contains_required field_sublabel_below gfield--no-description field_description_below field_validation_below gfield_visibility_visible\"  ><label class='gfield_label gform-field-label screen-reader-text' for='input_2_2'>Nom<span class=\"gfield_required\"><span class=\"gfield_required gfield_required_asterisk\">*<\/span><\/span><\/label><div class='ginput_container ginput_container_text'><input name='input_2' id='input_2_2' type='text' value='' class='large'    placeholder='Nom' aria-required=\"true\" aria-invalid=\"false\"   \/><\/div><\/li><li id=\"field_2_3\" class=\"gfield gfield--type-email gf_right_half gfield_contains_required field_sublabel_below gfield--no-description field_description_below field_validation_below gfield_visibility_visible\"  ><label class='gfield_label gform-field-label screen-reader-text' for='input_2_3'>Email<span class=\"gfield_required\"><span class=\"gfield_required gfield_required_asterisk\">*<\/span><\/span><\/label><div class='ginput_container ginput_container_email'>\n                            <input name='input_3' id='input_2_3' type='email' value='' class='large'   placeholder='Email' aria-required=\"true\" aria-invalid=\"false\"  \/>\n                        <\/div><\/li><li id=\"field_2_4\" class=\"gfield gfield--type-textarea gfield_contains_required field_sublabel_below gfield--no-description field_description_below field_validation_below gfield_visibility_visible\"  ><label class='gfield_label gform-field-label screen-reader-text' for='input_2_4'>Commentaires<span class=\"gfield_required\"><span class=\"gfield_required gfield_required_asterisk\">*<\/span><\/span><\/label><div class='ginput_container ginput_container_textarea'><textarea name='input_4' id='input_2_4' class='textarea large'    placeholder='Commentaires' aria-required=\"true\" aria-invalid=\"false\"   rows='10' cols='50'><\/textarea><\/div><\/li><\/ul><\/div>\n        <div class='gform-footer gform_footer top_label'> <input type='submit' id='gform_submit_button_2' class='gform_button button' onclick='gform.submission.handleButtonClick(this);' data-submission-type='submit' value='Submit'  \/> <input type='hidden' name='gform_ajax' value='form_id=2&amp;title=&amp;description=&amp;tabindex=0&amp;theme=legacy&amp;styles=[]&amp;hash=306913f71193c909070cf2570b27ed9a' \/>\n            <input type='hidden' class='gform_hidden' name='gform_submission_method' data-js='gform_submission_method_2' value='iframe' \/>\n            <input type='hidden' class='gform_hidden' name='gform_theme' data-js='gform_theme_2' id='gform_theme_2' value='legacy' \/>\n            <input type='hidden' class='gform_hidden' name='gform_style_settings' data-js='gform_style_settings_2' id='gform_style_settings_2' value='[]' \/>\n            <input type='hidden' class='gform_hidden' name='is_submit_2' value='1' \/>\n            <input type='hidden' class='gform_hidden' name='gform_submit' value='2' \/>\n            \n            <input type='hidden' class='gform_hidden' name='gform_currency' data-currency='USD' value='ySIVMn7EYmmbLuf8rQsuxCFJFUb17NN0wKc7LjkFtC87StuGQeGLNvC\/JIow2N9o2csL2V9q4WNEeKAWkSjmEMWj9RNvMJvRMzUD6N2yAH8w2bU=' \/>\n            <input type='hidden' class='gform_hidden' name='gform_unique_id' value='' \/>\n            <input type='hidden' class='gform_hidden' name='state_2' value='WyJbXSIsIjAyODM3MWJiOGQ3OWQ1Y2U1NjY4Y2NiMmExMzJjMzg5Il0=' \/>\n            <input type='hidden' autocomplete='off' class='gform_hidden' name='gform_target_page_number_2' id='gform_target_page_number_2' value='0' \/>\n            <input type='hidden' autocomplete='off' class='gform_hidden' name='gform_source_page_number_2' id='gform_source_page_number_2' value='1' \/>\n            <input type='hidden' name='gform_field_values' value='' \/>\n            \n        <\/div>\n                        <\/form>\n                        <\/div>\n\t\t                <iframe style='display:none;width:0px;height:0px;' src='about:blank' name='gform_ajax_frame_2' id='gform_ajax_frame_2' title='This iframe contains the logic required to handle Ajax powered Gravity Forms.'><\/iframe>\n\t\t                <script type=\"text\/javascript\">\n\/* <![CDATA[ *\/\n gform.initializeOnLoaded( function() {gformInitSpinner( 2, 'https:\/\/activesudbury.ca\/wp-content\/plugins\/gravityforms\/images\/spinner.svg', true );jQuery('#gform_ajax_frame_2').on('load',function(){var contents = jQuery(this).contents().find('*').html();var is_postback = contents.indexOf('GF_AJAX_POSTBACK') >= 0;if(!is_postback){return;}var form_content = jQuery(this).contents().find('#gform_wrapper_2');var is_confirmation = jQuery(this).contents().find('#gform_confirmation_wrapper_2').length > 0;var is_redirect = contents.indexOf('gformRedirect(){') >= 0;var is_form = form_content.length > 0 && ! is_redirect && ! is_confirmation;var mt = parseInt(jQuery('html').css('margin-top'), 10) + parseInt(jQuery('body').css('margin-top'), 10) + 100;if(is_form){jQuery('#gform_wrapper_2').html(form_content.html());if(form_content.hasClass('gform_validation_error')){jQuery('#gform_wrapper_2').addClass('gform_validation_error');} else {jQuery('#gform_wrapper_2').removeClass('gform_validation_error');}setTimeout( function() { \/* delay the scroll by 50 milliseconds to fix a bug in chrome *\/ jQuery(document).scrollTop(jQuery('#gform_wrapper_2').offset().top - mt); }, 50 );if(window['gformInitDatepicker']) {gformInitDatepicker();}if(window['gformInitPriceFields']) {gformInitPriceFields();}var current_page = jQuery('#gform_source_page_number_2').val();gformInitSpinner( 2, 'https:\/\/activesudbury.ca\/wp-content\/plugins\/gravityforms\/images\/spinner.svg', true );jQuery(document).trigger('gform_page_loaded', [2, current_page]);window['gf_submitting_2'] = false;}else if(!is_redirect){var confirmation_content = jQuery(this).contents().find('.GF_AJAX_POSTBACK').html();if(!confirmation_content){confirmation_content = contents;}jQuery('#gform_wrapper_2').replaceWith(confirmation_content);jQuery(document).scrollTop(jQuery('#gf_2').offset().top - mt);jQuery(document).trigger('gform_confirmation_loaded', [2]);window['gf_submitting_2'] = false;wp.a11y.speak(jQuery('#gform_confirmation_message_2').text());}else{jQuery('#gform_2').append(contents);if(window['gformRedirect']) {gformRedirect();}}jQuery(document).trigger(\"gform_pre_post_render\", [{ formId: \"2\", currentPage: \"current_page\", abort: function() { this.preventDefault(); } }]);        if (event && event.defaultPrevented) {                return;        }        const gformWrapperDiv = document.getElementById( \"gform_wrapper_2\" );        if ( gformWrapperDiv ) {            const visibilitySpan = document.createElement( \"span\" );            visibilitySpan.id = \"gform_visibility_test_2\";            gformWrapperDiv.insertAdjacentElement( \"afterend\", visibilitySpan );        }        const visibilityTestDiv = document.getElementById( \"gform_visibility_test_2\" );        let postRenderFired = false;        function triggerPostRender() {            if ( postRenderFired ) {                return;            }            postRenderFired = true;            gform.core.triggerPostRenderEvents( 2, current_page );            if ( visibilityTestDiv ) {                visibilityTestDiv.parentNode.removeChild( visibilityTestDiv );            }        }        function debounce( func, wait, immediate ) {            var timeout;            return function() {                var context = this, args = arguments;                var later = function() {                    timeout = null;                    if ( !immediate ) func.apply( context, args );                };                var callNow = immediate && !timeout;                clearTimeout( timeout );                timeout = setTimeout( later, wait );                if ( callNow ) func.apply( context, args );            };        }        const debouncedTriggerPostRender = debounce( function() {            triggerPostRender();        }, 200 );        if ( visibilityTestDiv && visibilityTestDiv.offsetParent === null ) {            const observer = new MutationObserver( ( mutations ) => {                mutations.forEach( ( mutation ) => {                    if ( mutation.type === 'attributes' && visibilityTestDiv.offsetParent !== null ) {                        debouncedTriggerPostRender();                        observer.disconnect();                    }                });            });            observer.observe( document.body, {                attributes: true,                childList: false,                subtree: true,                attributeFilter: [ 'style', 'class' ],            });        } else {            triggerPostRender();        }    } );} ); \n\/* ]]&gt; *\/\n<\/script>\n\n<\/div>\r\n            <\/div>\r\n        <\/section>","protected":false},"excerpt":{"rendered":"","protected":false},"author":1,"featured_media":0,"parent":0,"menu_order":0,"comment_status":"closed","ping_status":"closed","template":"","meta":{"_acf_changed":false,"footnotes":""},"class_list":["post-256","page","type-page","status-publish","hentry"],"acf":[],"yoast_head":"<!-- This site is optimized with the Yoast SEO plugin v26.2 - https:\/\/yoast.com\/wordpress\/plugins\/seo\/ -->\n<title>Qu&#039;est-ce que la litt\u00e9ratie physique ? - Active Sudbury<\/title>\n<meta name=\"robots\" content=\"index, follow, max-snippet:-1, max-image-preview:large, max-video-preview:-1\" \/>\n<link rel=\"canonical\" href=\"https:\/\/activesudbury.ca\/fr\/qu-est-ce-que-la-litteratie-physique\/\" \/>\n<meta property=\"og:locale\" content=\"fr_FR\" \/>\n<meta property=\"og:type\" content=\"article\" \/>\n<meta property=\"og:title\" content=\"Qu&#039;est-ce que la litt\u00e9ratie physique ? - Active Sudbury\" \/>\n<meta property=\"og:url\" content=\"https:\/\/activesudbury.ca\/fr\/qu-est-ce-que-la-litteratie-physique\/\" \/>\n<meta property=\"og:site_name\" content=\"Active Sudbury\" \/>\n<meta property=\"article:modified_time\" content=\"2020-08-18T15:48:58+00:00\" \/>\n<meta name=\"twitter:card\" content=\"summary_large_image\" \/>\n<script type=\"application\/ld+json\" class=\"yoast-schema-graph\">{\"@context\":\"https:\/\/schema.org\",\"@graph\":[{\"@type\":\"WebPage\",\"@id\":\"https:\/\/activesudbury.ca\/fr\/qu-est-ce-que-la-litteratie-physique\/\",\"url\":\"https:\/\/activesudbury.ca\/fr\/qu-est-ce-que-la-litteratie-physique\/\",\"name\":\"Qu'est-ce que la litt\u00e9ratie physique ? - Active Sudbury\",\"isPartOf\":{\"@id\":\"https:\/\/activesudbury.ca\/fr\/#website\"},\"datePublished\":\"2020-07-28T14:32:57+00:00\",\"dateModified\":\"2020-08-18T15:48:58+00:00\",\"breadcrumb\":{\"@id\":\"https:\/\/activesudbury.ca\/fr\/qu-est-ce-que-la-litteratie-physique\/#breadcrumb\"},\"inLanguage\":\"fr-FR\",\"potentialAction\":[{\"@type\":\"ReadAction\",\"target\":[\"https:\/\/activesudbury.ca\/fr\/qu-est-ce-que-la-litteratie-physique\/\"]}]},{\"@type\":\"BreadcrumbList\",\"@id\":\"https:\/\/activesudbury.ca\/fr\/qu-est-ce-que-la-litteratie-physique\/#breadcrumb\",\"itemListElement\":[{\"@type\":\"ListItem\",\"position\":1,\"name\":\"Home\",\"item\":\"https:\/\/activesudbury.ca\/fr\/\"},{\"@type\":\"ListItem\",\"position\":2,\"name\":\"Qu&#8217;est-ce que la litt\u00e9ratie physique ?\"}]},{\"@type\":\"WebSite\",\"@id\":\"https:\/\/activesudbury.ca\/fr\/#website\",\"url\":\"https:\/\/activesudbury.ca\/fr\/\",\"name\":\"Active Sudbury\",\"description\":\"\",\"potentialAction\":[{\"@type\":\"SearchAction\",\"target\":{\"@type\":\"EntryPoint\",\"urlTemplate\":\"https:\/\/activesudbury.ca\/fr\/?s={search_term_string}\"},\"query-input\":{\"@type\":\"PropertyValueSpecification\",\"valueRequired\":true,\"valueName\":\"search_term_string\"}}],\"inLanguage\":\"fr-FR\"}]}<\/script>\n<!-- \/ Yoast SEO plugin. -->","yoast_head_json":{"title":"Qu'est-ce que la litt\u00e9ratie physique ? - Active Sudbury","robots":{"index":"index","follow":"follow","max-snippet":"max-snippet:-1","max-image-preview":"max-image-preview:large","max-video-preview":"max-video-preview:-1"},"canonical":"https:\/\/activesudbury.ca\/fr\/qu-est-ce-que-la-litteratie-physique\/","og_locale":"fr_FR","og_type":"article","og_title":"Qu'est-ce que la litt\u00e9ratie physique ? - Active Sudbury","og_url":"https:\/\/activesudbury.ca\/fr\/qu-est-ce-que-la-litteratie-physique\/","og_site_name":"Active Sudbury","article_modified_time":"2020-08-18T15:48:58+00:00","twitter_card":"summary_large_image","schema":{"@context":"https:\/\/schema.org","@graph":[{"@type":"WebPage","@id":"https:\/\/activesudbury.ca\/fr\/qu-est-ce-que-la-litteratie-physique\/","url":"https:\/\/activesudbury.ca\/fr\/qu-est-ce-que-la-litteratie-physique\/","name":"Qu'est-ce que la litt\u00e9ratie physique ? - Active Sudbury","isPartOf":{"@id":"https:\/\/activesudbury.ca\/fr\/#website"},"datePublished":"2020-07-28T14:32:57+00:00","dateModified":"2020-08-18T15:48:58+00:00","breadcrumb":{"@id":"https:\/\/activesudbury.ca\/fr\/qu-est-ce-que-la-litteratie-physique\/#breadcrumb"},"inLanguage":"fr-FR","potentialAction":[{"@type":"ReadAction","target":["https:\/\/activesudbury.ca\/fr\/qu-est-ce-que-la-litteratie-physique\/"]}]},{"@type":"BreadcrumbList","@id":"https:\/\/activesudbury.ca\/fr\/qu-est-ce-que-la-litteratie-physique\/#breadcrumb","itemListElement":[{"@type":"ListItem","position":1,"name":"Home","item":"https:\/\/activesudbury.ca\/fr\/"},{"@type":"ListItem","position":2,"name":"Qu&#8217;est-ce que la litt\u00e9ratie physique ?"}]},{"@type":"WebSite","@id":"https:\/\/activesudbury.ca\/fr\/#website","url":"https:\/\/activesudbury.ca\/fr\/","name":"Active Sudbury","description":"","potentialAction":[{"@type":"SearchAction","target":{"@type":"EntryPoint","urlTemplate":"https:\/\/activesudbury.ca\/fr\/?s={search_term_string}"},"query-input":{"@type":"PropertyValueSpecification","valueRequired":true,"valueName":"search_term_string"}}],"inLanguage":"fr-FR"}]}},"_links":{"self":[{"href":"https:\/\/activesudbury.ca\/fr\/wp-json\/wp\/v2\/pages\/256","targetHints":{"allow":["GET"]}}],"collection":[{"href":"https:\/\/activesudbury.ca\/fr\/wp-json\/wp\/v2\/pages"}],"about":[{"href":"https:\/\/activesudbury.ca\/fr\/wp-json\/wp\/v2\/types\/page"}],"author":[{"embeddable":true,"href":"https:\/\/activesudbury.ca\/fr\/wp-json\/wp\/v2\/users\/1"}],"replies":[{"embeddable":true,"href":"https:\/\/activesudbury.ca\/fr\/wp-json\/wp\/v2\/comments?post=256"}],"version-history":[{"count":17,"href":"https:\/\/activesudbury.ca\/fr\/wp-json\/wp\/v2\/pages\/256\/revisions"}],"predecessor-version":[{"id":986,"href":"https:\/\/activesudbury.ca\/fr\/wp-json\/wp\/v2\/pages\/256\/revisions\/986"}],"wp:attachment":[{"href":"https:\/\/activesudbury.ca\/fr\/wp-json\/wp\/v2\/media?parent=256"}],"curies":[{"name":"wp","href":"https:\/\/api.w.org\/{rel}","templated":true}]}}