{"id":248,"date":"2020-07-28T14:36:24","date_gmt":"2020-07-28T14:36:24","guid":{"rendered":"https:\/\/actives1.mywhc.ca\/about\/"},"modified":"2020-08-18T15:53:34","modified_gmt":"2020-08-18T15:53:34","slug":"a-propos","status":"publish","type":"page","link":"https:\/\/activesudbury.ca\/fr\/a-propos\/","title":{"rendered":"\u00c0 propos de Sudbury Actif"},"content":{"rendered":"<section class=\"banner flex end-v small\" id=\"block_5f2037d61293a\" style=\"background-image: url(https:\/\/activesudbury.ca\/wp-content\/uploads\/2020\/08\/About-Active-Sudbury.jpg);\">\r\n\t\t\t\t<div class=\"wrapper mob-full header-text\">\r\n\t\t\t\t\t<h1>\u00c0 propos de<br \/>\r\nSudbury Actif<\/h1>\r\n\t\t\t\t<\/div>\r\n\t\t\t<\/section>\n\n<section class=\"sec-text about block pad-penta ab2\" id=\"block_5f2088d96c284\">\r\n        <div class=\"wrapper\">\r\n            <h2 class=\"main-title\">B\u00e2tir un Grand Sudbury plus sain et plus heureux<\/h2>\r\n            <div class=\"text big\"><p>Sudbury Actif est un groupe communautaire compos\u00e9 de personnes qui travaillent pour des institutions ax\u00e9es sur la sant\u00e9 et l&#8217;\u00e9ducation au sein de la Ville du Grand Sudbury, notamment le gouvernement municipal, des organismes locaux de sports et de loisirs, la sant\u00e9 publique et des \u00e9tablissements postsecondaires.<\/p><\/div><div class=\"btns\"><a href=\"\/fr\/devenir-membre\/\" class=\"btn hover big\">Apprenez-en plus au sujet de nos membres<\/a><\/div><\/div><\/section>\n\n<section class=\"mid-banner block pad-quad flex center-v txt-pos-top about-gradient ab3\" id=\"block_5f208a8a6c285\" style=\"background-image: url(https:\/\/activesudbury.ca\/wp-content\/uploads\/2020\/08\/Our-Mission-1.jpg)\">\r\n\t\t\t\t<div class=\"wrapper mob-full\">\r\n\t\t\t\t<div class=\"holder\"><h2 class=\"main-title\">Notre mission<\/h2><div class=\"text big\"><p>Notre mission est de favoriser la litt\u00e9ratie physique chez les r\u00e9sidents du Grand Sudbury, en leur offrant la porte d&#8217;entr\u00e9e pour faire de l&#8217;activit\u00e9 physique tout au long de leur vie.<\/p><\/div><a href=\"https:\/\/actives1.mywhc.ca\/fr\/qu-est-ce-que-la-litteratie-physique\/\" class=\"btn hover big btn-blue\">Apprenez-en plus sur la litt\u00e9ratie physique<\/a><\/div><\/div><\/section>\n\n<section class=\"sec-text about block pad-penta ab4\" id=\"block_5f208bf96c286\">\r\n        <div class=\"wrapper\">\r\n            <h2 class=\"main-title\">Ce que nous faisons<\/h2>\r\n            <div class=\"text big\"><p>Nous combinons les divers ant\u00e9c\u00e9dents \u00e9ducatifs, les talents et l&#8217;expertise de nos membres pour fournir des ateliers \u00e9ducatifs, des \u00e9v\u00e9nements et d&#8217;autres programmes qui \u00e9duquent les r\u00e9sidents de la ville sur les avantages de l&#8217;activit\u00e9 physique, leur permettant de d\u00e9velopper les comp\u00e9tences, la confiance, les connaissances et la motivation pour s&#8217;engager dans des activit\u00e9s physiques activit\u00e9 pour la vie.<br \/>\r\n<br \/>\r\nNous travaillons avec des organisations locales (y compris des entreprises, des organisations sportives, des \u00e9tablissements \u00e9ducationnels et plus) qui souhaitent am\u00e9liorer la litt\u00e9ratie physique de leurs \u00e9l\u00e8ves et membres. Une fois que nous nous associons \u00e0 une organisation, notre objectif est de leur fournir les meilleures pratiques, les outils et le soutien qui les aideront \u00e0 favoriser la litt\u00e9ratie physique parmi leurs membres.<\/p><\/div><div class=\"btns\"><a href=\"\/fr\/events\/\" class=\"btn hover big\">Cliquez ici pour voir notre calendrier complet des ateliers et \u00e9v\u00e9nements.<\/a><\/div><\/div><\/section>","protected":false},"excerpt":{"rendered":"","protected":false},"author":1,"featured_media":0,"parent":0,"menu_order":0,"comment_status":"closed","ping_status":"closed","template":"","meta":{"_acf_changed":false,"footnotes":""},"class_list":["post-248","page","type-page","status-publish","hentry"],"acf":[],"yoast_head":"<!-- This site is optimized with the Yoast SEO plugin v26.2 - https:\/\/yoast.com\/wordpress\/plugins\/seo\/ -->\n<title>\u00c0 propos de Sudbury Actif - Active Sudbury<\/title>\n<meta name=\"robots\" content=\"index, follow, max-snippet:-1, max-image-preview:large, max-video-preview:-1\" \/>\n<link rel=\"canonical\" href=\"https:\/\/activesudbury.ca\/fr\/a-propos\/\" \/>\n<meta property=\"og:locale\" content=\"fr_FR\" \/>\n<meta property=\"og:type\" content=\"article\" \/>\n<meta property=\"og:title\" content=\"\u00c0 propos de Sudbury Actif - Active Sudbury\" \/>\n<meta property=\"og:url\" content=\"https:\/\/activesudbury.ca\/fr\/a-propos\/\" \/>\n<meta property=\"og:site_name\" content=\"Active Sudbury\" \/>\n<meta property=\"article:modified_time\" content=\"2020-08-18T15:53:34+00:00\" \/>\n<meta name=\"twitter:card\" content=\"summary_large_image\" \/>\n<script type=\"application\/ld+json\" class=\"yoast-schema-graph\">{\"@context\":\"https:\/\/schema.org\",\"@graph\":[{\"@type\":\"WebPage\",\"@id\":\"https:\/\/activesudbury.ca\/fr\/a-propos\/\",\"url\":\"https:\/\/activesudbury.ca\/fr\/a-propos\/\",\"name\":\"\u00c0 propos de Sudbury Actif - Active Sudbury\",\"isPartOf\":{\"@id\":\"https:\/\/activesudbury.ca\/fr\/#website\"},\"datePublished\":\"2020-07-28T14:36:24+00:00\",\"dateModified\":\"2020-08-18T15:53:34+00:00\",\"breadcrumb\":{\"@id\":\"https:\/\/activesudbury.ca\/fr\/a-propos\/#breadcrumb\"},\"inLanguage\":\"fr-FR\",\"potentialAction\":[{\"@type\":\"ReadAction\",\"target\":[\"https:\/\/activesudbury.ca\/fr\/a-propos\/\"]}]},{\"@type\":\"BreadcrumbList\",\"@id\":\"https:\/\/activesudbury.ca\/fr\/a-propos\/#breadcrumb\",\"itemListElement\":[{\"@type\":\"ListItem\",\"position\":1,\"name\":\"Home\",\"item\":\"https:\/\/activesudbury.ca\/fr\/\"},{\"@type\":\"ListItem\",\"position\":2,\"name\":\"\u00c0 propos de Sudbury Actif\"}]},{\"@type\":\"WebSite\",\"@id\":\"https:\/\/activesudbury.ca\/fr\/#website\",\"url\":\"https:\/\/activesudbury.ca\/fr\/\",\"name\":\"Active Sudbury\",\"description\":\"\",\"potentialAction\":[{\"@type\":\"SearchAction\",\"target\":{\"@type\":\"EntryPoint\",\"urlTemplate\":\"https:\/\/activesudbury.ca\/fr\/?s={search_term_string}\"},\"query-input\":{\"@type\":\"PropertyValueSpecification\",\"valueRequired\":true,\"valueName\":\"search_term_string\"}}],\"inLanguage\":\"fr-FR\"}]}<\/script>\n<!-- \/ Yoast SEO plugin. -->","yoast_head_json":{"title":"\u00c0 propos de Sudbury Actif - Active Sudbury","robots":{"index":"index","follow":"follow","max-snippet":"max-snippet:-1","max-image-preview":"max-image-preview:large","max-video-preview":"max-video-preview:-1"},"canonical":"https:\/\/activesudbury.ca\/fr\/a-propos\/","og_locale":"fr_FR","og_type":"article","og_title":"\u00c0 propos de Sudbury Actif - Active Sudbury","og_url":"https:\/\/activesudbury.ca\/fr\/a-propos\/","og_site_name":"Active Sudbury","article_modified_time":"2020-08-18T15:53:34+00:00","twitter_card":"summary_large_image","schema":{"@context":"https:\/\/schema.org","@graph":[{"@type":"WebPage","@id":"https:\/\/activesudbury.ca\/fr\/a-propos\/","url":"https:\/\/activesudbury.ca\/fr\/a-propos\/","name":"\u00c0 propos de Sudbury Actif - Active Sudbury","isPartOf":{"@id":"https:\/\/activesudbury.ca\/fr\/#website"},"datePublished":"2020-07-28T14:36:24+00:00","dateModified":"2020-08-18T15:53:34+00:00","breadcrumb":{"@id":"https:\/\/activesudbury.ca\/fr\/a-propos\/#breadcrumb"},"inLanguage":"fr-FR","potentialAction":[{"@type":"ReadAction","target":["https:\/\/activesudbury.ca\/fr\/a-propos\/"]}]},{"@type":"BreadcrumbList","@id":"https:\/\/activesudbury.ca\/fr\/a-propos\/#breadcrumb","itemListElement":[{"@type":"ListItem","position":1,"name":"Home","item":"https:\/\/activesudbury.ca\/fr\/"},{"@type":"ListItem","position":2,"name":"\u00c0 propos de Sudbury Actif"}]},{"@type":"WebSite","@id":"https:\/\/activesudbury.ca\/fr\/#website","url":"https:\/\/activesudbury.ca\/fr\/","name":"Active Sudbury","description":"","potentialAction":[{"@type":"SearchAction","target":{"@type":"EntryPoint","urlTemplate":"https:\/\/activesudbury.ca\/fr\/?s={search_term_string}"},"query-input":{"@type":"PropertyValueSpecification","valueRequired":true,"valueName":"search_term_string"}}],"inLanguage":"fr-FR"}]}},"_links":{"self":[{"href":"https:\/\/activesudbury.ca\/fr\/wp-json\/wp\/v2\/pages\/248","targetHints":{"allow":["GET"]}}],"collection":[{"href":"https:\/\/activesudbury.ca\/fr\/wp-json\/wp\/v2\/pages"}],"about":[{"href":"https:\/\/activesudbury.ca\/fr\/wp-json\/wp\/v2\/types\/page"}],"author":[{"embeddable":true,"href":"https:\/\/activesudbury.ca\/fr\/wp-json\/wp\/v2\/users\/1"}],"replies":[{"embeddable":true,"href":"https:\/\/activesudbury.ca\/fr\/wp-json\/wp\/v2\/comments?post=248"}],"version-history":[{"count":20,"href":"https:\/\/activesudbury.ca\/fr\/wp-json\/wp\/v2\/pages\/248\/revisions"}],"predecessor-version":[{"id":992,"href":"https:\/\/activesudbury.ca\/fr\/wp-json\/wp\/v2\/pages\/248\/revisions\/992"}],"wp:attachment":[{"href":"https:\/\/activesudbury.ca\/fr\/wp-json\/wp\/v2\/media?parent=248"}],"curies":[{"name":"wp","href":"https:\/\/api.w.org\/{rel}","templated":true}]}}